{"id":29703,"date":"2024-11-28T16:36:12","date_gmt":"2024-11-28T15:36:12","guid":{"rendered":"https:\/\/ibex-gin.ch\/produit\/daemonenlikoer\/"},"modified":"2024-11-28T16:36:12","modified_gmt":"2024-11-28T15:36:12","slug":"daemonenlikoer","status":"publish","type":"product","link":"https:\/\/staging.ibex-gin.ch\/de\/produit\/daemonenlikoer\/","title":{"rendered":"D\u00e4monenlik\u00f6r"},"content":{"rendered":"<p><b>Lik\u00f6r<\/b><b> des D\u00e4mons<\/b><\/p>\n<p><b>Zutaten:  <\/b><b> <\/b>Dieses Produkt basiert auf dem Red Chili Edition Gin. Eine zweite Mazeration mit Ibiskusbl\u00fcten geht einer zweiten Destillation voraus, bevor ein Chili-Zuckersirup hinzugef\u00fcgt wird. <\/p>\n<ul>\n<li><b>Farbe: <\/b>Farblos und klar<\/li>\n<li>\n \t<\/li>\n<li><b>Nase: <\/b>Zitronig und blumig, der Sirup verleiht eine gewisse S\u00fc\u00dfe.<\/li>\n<li>\n \t<\/li>\n<li><b>Gaumen: <\/b>Der Auftakt ist w\u00fcrzig und man erkennt schnell den Chili, der durch den Sirup abgemildert wird. Das Ganze ist dann ausgewogen mit Zitrusnoten und der blumigen Seite des Ibiscus. Sch\u00f6n rund und sehr lang.  <\/li>\n<\/ul>\n<p><b>Alkoholgehalt: <\/b>25%. <b>Inhalt: <\/b>500 oder 40 ml.<\/p>\n","protected":false},"excerpt":{"rendered":"<p><b>Lik\u00f6r<\/b><b> des D\u00e4mons<\/b><\/p>\n<p><b>Zutaten:  <\/b><b> <\/b>Dieses Produkt basiert auf dem Red Chili Edition Gin. Eine zweite Mazeration mit Ibiskusbl\u00fcten geht einer zweiten Destillation voraus, bevor ein Chili-Zuckersirup hinzugef\u00fcgt wird. <\/p>\n<ul>\n<li><b>Farbe: <\/b>Farblos und klar<\/li>\n<li>\n \t<\/li>\n<li><b>Nase: <\/b>Zitronig und blumig, der Sirup verleiht eine gewisse S\u00fc\u00dfe.<\/li>\n<li>\n \t<\/li>\n<li><b>Gaumen: <\/b>Der Auftakt ist w\u00fcrzig und man erkennt schnell den Chili, der durch den Sirup abgemildert wird. Das Ganze ist dann ausgewogen mit Zitrusnoten und der blumigen Seite des Ibiscus. Sch\u00f6n rund und sehr lang.  <\/li>\n<\/ul>\n<p><b>Alkoholgehalt: <\/b>25%. <b>Inhalt: <\/b>500 oder 40 ml.<\/p>\n","protected":false},"featured_media":29702,"comment_status":"open","ping_status":"closed","template":"","meta":{"jetpack_publicize_message":"","jetpack_publicize_feature_enabled":true,"jetpack_social_post_already_shared":true,"jetpack_social_options":{"image_generator_settings":{"template":"highway","default_image_id":0,"font":"","enabled":false},"version":2}},"product_brand":[],"product_cat":[50],"product_tag":[],"class_list":{"0":"post-29703","1":"product","2":"type-product","3":"status-publish","4":"has-post-thumbnail","6":"product_cat-nicht-klassifiziert","8":"first","9":"instock","10":"taxable","11":"shipping-taxable","12":"purchasable","13":"product-type-simple"},"yoast_head":"<!-- This site is optimized with the Yoast SEO Premium plugin v27.2 (Yoast SEO v27.4) - https:\/\/yoast.com\/product\/yoast-seo-premium-wordpress\/ -->\n<title>D\u00e4monenlik\u00f6r - Ibex Gin<\/title>\n<meta name=\"description\" content=\"Tauchen Sie mit dem Liqueur du Monde in eine Welt der Aromen ein. Eine perfekte Kombination aus w\u00fcrzigem Gin, blumigem Hibiskus und s\u00fc\u00dfem Piment. Probieren Sie ihn jetzt!\" \/>\n<meta name=\"robots\" content=\"noindex, follow, max-snippet:-1, max-image-preview:large, max-video-preview:-1\" \/>\n<meta property=\"og:locale\" content=\"de_DE\" \/>\n<meta property=\"og:type\" content=\"article\" \/>\n<meta property=\"og:title\" content=\"D\u00e4monenlik\u00f6r\" \/>\n<meta property=\"og:description\" content=\"Tauchen Sie mit dem Liqueur du Monde in eine Welt der Aromen ein. Eine perfekte Kombination aus w\u00fcrzigem Gin, blumigem Hibiskus und s\u00fc\u00dfem Piment. Probieren Sie ihn jetzt!\" \/>\n<meta property=\"og:url\" content=\"https:\/\/staging.ibex-gin.ch\/de\/produit\/daemonenlikoer\/\" \/>\n<meta property=\"og:site_name\" content=\"Ibex Gin\" \/>\n<meta property=\"article:publisher\" content=\"https:\/\/www.facebook.com\/Ibex.gin\" \/>\n<meta property=\"og:image\" content=\"https:\/\/staging.ibex-gin.ch\/wp-content\/uploads\/2024\/11\/liqeur-du-demon-ibex-1024x1024.png\" \/>\n\t<meta property=\"og:image:width\" content=\"1024\" \/>\n\t<meta property=\"og:image:height\" content=\"1024\" \/>\n\t<meta property=\"og:image:type\" content=\"image\/png\" \/>\n<meta name=\"twitter:card\" content=\"summary_large_image\" \/>\n<meta name=\"twitter:label1\" content=\"Preis\" \/>\n\t<meta name=\"twitter:data1\" content=\"&#067;&#072;&#070;&nbsp;32.00\" \/>\n\t<meta name=\"twitter:label2\" content=\"Verf\u00fcgbarkeit\" \/>\n\t<meta name=\"twitter:data2\" content=\"Auf Lager\" \/>\n<script type=\"application\/ld+json\" class=\"yoast-schema-graph\">{\"@context\":\"https:\\\/\\\/schema.org\",\"@graph\":[{\"@type\":\"WebPage\",\"@id\":\"https:\\\/\\\/staging.ibex-gin.ch\\\/de\\\/produit\\\/daemonenlikoer\\\/\",\"url\":\"https:\\\/\\\/staging.ibex-gin.ch\\\/de\\\/produit\\\/daemonenlikoer\\\/\",\"name\":\"D\u00e4monenlik\u00f6r - Ibex Gin\",\"isPartOf\":{\"@id\":\"https:\\\/\\\/staging.ibex-gin.ch\\\/de\\\/#website\"},\"primaryImageOfPage\":{\"@id\":\"https:\\\/\\\/staging.ibex-gin.ch\\\/de\\\/produit\\\/daemonenlikoer\\\/#primaryimage\"},\"image\":{\"@id\":\"https:\\\/\\\/staging.ibex-gin.ch\\\/de\\\/produit\\\/daemonenlikoer\\\/#primaryimage\"},\"thumbnailUrl\":\"https:\\\/\\\/i0.wp.com\\\/staging.ibex-gin.ch\\\/wp-content\\\/uploads\\\/2024\\\/11\\\/liqeur-du-demon-ibex.png?fit=3722%2C3722&ssl=1\",\"datePublished\":\"2024-11-28T15:36:12+00:00\",\"description\":\"Tauchen Sie mit dem Liqueur du Monde in eine Welt der Aromen ein. Eine perfekte Kombination aus w\u00fcrzigem Gin, blumigem Hibiskus und s\u00fc\u00dfem Piment. Probieren Sie ihn jetzt!\",\"breadcrumb\":{\"@id\":\"https:\\\/\\\/staging.ibex-gin.ch\\\/de\\\/produit\\\/daemonenlikoer\\\/#breadcrumb\"},\"inLanguage\":\"de\",\"potentialAction\":[{\"@type\":\"ReadAction\",\"target\":[\"https:\\\/\\\/staging.ibex-gin.ch\\\/de\\\/produit\\\/daemonenlikoer\\\/\"]}]},{\"@type\":\"ImageObject\",\"inLanguage\":\"de\",\"@id\":\"https:\\\/\\\/staging.ibex-gin.ch\\\/de\\\/produit\\\/daemonenlikoer\\\/#primaryimage\",\"url\":\"https:\\\/\\\/i0.wp.com\\\/staging.ibex-gin.ch\\\/wp-content\\\/uploads\\\/2024\\\/11\\\/liqeur-du-demon-ibex.png?fit=3722%2C3722&ssl=1\",\"contentUrl\":\"https:\\\/\\\/i0.wp.com\\\/staging.ibex-gin.ch\\\/wp-content\\\/uploads\\\/2024\\\/11\\\/liqeur-du-demon-ibex.png?fit=3722%2C3722&ssl=1\",\"width\":3722,\"height\":3722},{\"@type\":\"BreadcrumbList\",\"@id\":\"https:\\\/\\\/staging.ibex-gin.ch\\\/de\\\/produit\\\/daemonenlikoer\\\/#breadcrumb\",\"itemListElement\":[{\"@type\":\"ListItem\",\"position\":1,\"name\":\"Accueil\",\"item\":\"https:\\\/\\\/staging.ibex-gin.ch\\\/de\\\/\"},{\"@type\":\"ListItem\",\"position\":2,\"name\":\"Shop\",\"item\":\"https:\\\/\\\/staging.ibex-gin.ch\\\/de\\\/shop\\\/\"},{\"@type\":\"ListItem\",\"position\":3,\"name\":\"D\u00e4monenlik\u00f6r\"}]},{\"@type\":\"WebSite\",\"@id\":\"https:\\\/\\\/staging.ibex-gin.ch\\\/de\\\/#website\",\"url\":\"https:\\\/\\\/staging.ibex-gin.ch\\\/de\\\/\",\"name\":\"Ibex Gin\",\"description\":\"\",\"publisher\":{\"@id\":\"https:\\\/\\\/staging.ibex-gin.ch\\\/de\\\/#organization\"},\"potentialAction\":[{\"@type\":\"SearchAction\",\"target\":{\"@type\":\"EntryPoint\",\"urlTemplate\":\"https:\\\/\\\/staging.ibex-gin.ch\\\/de\\\/?s={search_term_string}\"},\"query-input\":{\"@type\":\"PropertyValueSpecification\",\"valueRequired\":true,\"valueName\":\"search_term_string\"}}],\"inLanguage\":\"de\"},{\"@type\":\"Organization\",\"@id\":\"https:\\\/\\\/staging.ibex-gin.ch\\\/de\\\/#organization\",\"name\":\"Ibex Gin\",\"url\":\"https:\\\/\\\/staging.ibex-gin.ch\\\/de\\\/\",\"logo\":{\"@type\":\"ImageObject\",\"inLanguage\":\"de\",\"@id\":\"https:\\\/\\\/staging.ibex-gin.ch\\\/de\\\/#\\\/schema\\\/logo\\\/image\\\/\",\"url\":\"https:\\\/\\\/staging.ibex-gin.ch\\\/wp-content\\\/uploads\\\/2022\\\/01\\\/cropped-Ibex_Logo_2021-2.png\",\"contentUrl\":\"https:\\\/\\\/staging.ibex-gin.ch\\\/wp-content\\\/uploads\\\/2022\\\/01\\\/cropped-Ibex_Logo_2021-2.png\",\"width\":1583,\"height\":1181,\"caption\":\"Ibex Gin\"},\"image\":{\"@id\":\"https:\\\/\\\/staging.ibex-gin.ch\\\/de\\\/#\\\/schema\\\/logo\\\/image\\\/\"},\"sameAs\":[\"https:\\\/\\\/www.facebook.com\\\/Ibex.gin\",\"https:\\\/\\\/www.instagram.com\\\/ibex.gin\\\/\"]}]}<\/script>\n<meta property=\"product:price:amount\" content=\"32.00\" \/>\n<meta property=\"product:price:currency\" content=\"CHF\" \/>\n<meta property=\"og:availability\" content=\"instock\" \/>\n<meta property=\"product:availability\" content=\"instock\" \/>\n<meta property=\"product:condition\" content=\"new\" \/>\n<!-- \/ Yoast SEO Premium plugin. -->","yoast_head_json":{"title":"D\u00e4monenlik\u00f6r - Ibex Gin","description":"Tauchen Sie mit dem Liqueur du Monde in eine Welt der Aromen ein. Eine perfekte Kombination aus w\u00fcrzigem Gin, blumigem Hibiskus und s\u00fc\u00dfem Piment. Probieren Sie ihn jetzt!","robots":{"index":"noindex","follow":"follow","max-snippet":"max-snippet:-1","max-image-preview":"max-image-preview:large","max-video-preview":"max-video-preview:-1"},"og_locale":"de_DE","og_type":"article","og_title":"D\u00e4monenlik\u00f6r","og_description":"Tauchen Sie mit dem Liqueur du Monde in eine Welt der Aromen ein. Eine perfekte Kombination aus w\u00fcrzigem Gin, blumigem Hibiskus und s\u00fc\u00dfem Piment. Probieren Sie ihn jetzt!","og_url":"https:\/\/staging.ibex-gin.ch\/de\/produit\/daemonenlikoer\/","og_site_name":"Ibex Gin","article_publisher":"https:\/\/www.facebook.com\/Ibex.gin","og_image":[{"width":1024,"height":1024,"url":"https:\/\/staging.ibex-gin.ch\/wp-content\/uploads\/2024\/11\/liqeur-du-demon-ibex-1024x1024.png","type":"image\/png"}],"twitter_card":"summary_large_image","twitter_misc":{"Preis":"&#67;&#72;&#70;&nbsp;32.00","Verf\u00fcgbarkeit":"Auf Lager"},"schema":{"@context":"https:\/\/schema.org","@graph":[{"@type":"WebPage","@id":"https:\/\/staging.ibex-gin.ch\/de\/produit\/daemonenlikoer\/","url":"https:\/\/staging.ibex-gin.ch\/de\/produit\/daemonenlikoer\/","name":"D\u00e4monenlik\u00f6r - Ibex Gin","isPartOf":{"@id":"https:\/\/staging.ibex-gin.ch\/de\/#website"},"primaryImageOfPage":{"@id":"https:\/\/staging.ibex-gin.ch\/de\/produit\/daemonenlikoer\/#primaryimage"},"image":{"@id":"https:\/\/staging.ibex-gin.ch\/de\/produit\/daemonenlikoer\/#primaryimage"},"thumbnailUrl":"https:\/\/i0.wp.com\/staging.ibex-gin.ch\/wp-content\/uploads\/2024\/11\/liqeur-du-demon-ibex.png?fit=3722%2C3722&ssl=1","datePublished":"2024-11-28T15:36:12+00:00","description":"Tauchen Sie mit dem Liqueur du Monde in eine Welt der Aromen ein. Eine perfekte Kombination aus w\u00fcrzigem Gin, blumigem Hibiskus und s\u00fc\u00dfem Piment. Probieren Sie ihn jetzt!","breadcrumb":{"@id":"https:\/\/staging.ibex-gin.ch\/de\/produit\/daemonenlikoer\/#breadcrumb"},"inLanguage":"de","potentialAction":[{"@type":"ReadAction","target":["https:\/\/staging.ibex-gin.ch\/de\/produit\/daemonenlikoer\/"]}]},{"@type":"ImageObject","inLanguage":"de","@id":"https:\/\/staging.ibex-gin.ch\/de\/produit\/daemonenlikoer\/#primaryimage","url":"https:\/\/i0.wp.com\/staging.ibex-gin.ch\/wp-content\/uploads\/2024\/11\/liqeur-du-demon-ibex.png?fit=3722%2C3722&ssl=1","contentUrl":"https:\/\/i0.wp.com\/staging.ibex-gin.ch\/wp-content\/uploads\/2024\/11\/liqeur-du-demon-ibex.png?fit=3722%2C3722&ssl=1","width":3722,"height":3722},{"@type":"BreadcrumbList","@id":"https:\/\/staging.ibex-gin.ch\/de\/produit\/daemonenlikoer\/#breadcrumb","itemListElement":[{"@type":"ListItem","position":1,"name":"Accueil","item":"https:\/\/staging.ibex-gin.ch\/de\/"},{"@type":"ListItem","position":2,"name":"Shop","item":"https:\/\/staging.ibex-gin.ch\/de\/shop\/"},{"@type":"ListItem","position":3,"name":"D\u00e4monenlik\u00f6r"}]},{"@type":"WebSite","@id":"https:\/\/staging.ibex-gin.ch\/de\/#website","url":"https:\/\/staging.ibex-gin.ch\/de\/","name":"Ibex Gin","description":"","publisher":{"@id":"https:\/\/staging.ibex-gin.ch\/de\/#organization"},"potentialAction":[{"@type":"SearchAction","target":{"@type":"EntryPoint","urlTemplate":"https:\/\/staging.ibex-gin.ch\/de\/?s={search_term_string}"},"query-input":{"@type":"PropertyValueSpecification","valueRequired":true,"valueName":"search_term_string"}}],"inLanguage":"de"},{"@type":"Organization","@id":"https:\/\/staging.ibex-gin.ch\/de\/#organization","name":"Ibex Gin","url":"https:\/\/staging.ibex-gin.ch\/de\/","logo":{"@type":"ImageObject","inLanguage":"de","@id":"https:\/\/staging.ibex-gin.ch\/de\/#\/schema\/logo\/image\/","url":"https:\/\/staging.ibex-gin.ch\/wp-content\/uploads\/2022\/01\/cropped-Ibex_Logo_2021-2.png","contentUrl":"https:\/\/staging.ibex-gin.ch\/wp-content\/uploads\/2022\/01\/cropped-Ibex_Logo_2021-2.png","width":1583,"height":1181,"caption":"Ibex Gin"},"image":{"@id":"https:\/\/staging.ibex-gin.ch\/de\/#\/schema\/logo\/image\/"},"sameAs":["https:\/\/www.facebook.com\/Ibex.gin","https:\/\/www.instagram.com\/ibex.gin\/"]}]},"product_price_amount":"32.00","product_price_currency":"CHF","og_availability":"instock","product_availability":"instock","product_condition":"new"},"jetpack_publicize_connections":[],"_links":{"self":[{"href":"https:\/\/staging.ibex-gin.ch\/de\/wp-json\/wp\/v2\/product\/29703","targetHints":{"allow":["GET"]}}],"collection":[{"href":"https:\/\/staging.ibex-gin.ch\/de\/wp-json\/wp\/v2\/product"}],"about":[{"href":"https:\/\/staging.ibex-gin.ch\/de\/wp-json\/wp\/v2\/types\/product"}],"replies":[{"embeddable":true,"href":"https:\/\/staging.ibex-gin.ch\/de\/wp-json\/wp\/v2\/comments?post=29703"}],"wp:featuredmedia":[{"embeddable":true,"href":"https:\/\/staging.ibex-gin.ch\/de\/wp-json\/wp\/v2\/media\/29702"}],"wp:attachment":[{"href":"https:\/\/staging.ibex-gin.ch\/de\/wp-json\/wp\/v2\/media?parent=29703"}],"wp:term":[{"taxonomy":"product_brand","embeddable":true,"href":"https:\/\/staging.ibex-gin.ch\/de\/wp-json\/wp\/v2\/product_brand?post=29703"},{"taxonomy":"product_cat","embeddable":true,"href":"https:\/\/staging.ibex-gin.ch\/de\/wp-json\/wp\/v2\/product_cat?post=29703"},{"taxonomy":"product_tag","embeddable":true,"href":"https:\/\/staging.ibex-gin.ch\/de\/wp-json\/wp\/v2\/product_tag?post=29703"}],"curies":[{"name":"wp","href":"https:\/\/api.w.org\/{rel}","templated":true}]}}