{"id":29529,"date":"2024-05-18T09:47:39","date_gmt":"2024-05-18T07:47:39","guid":{"rendered":"https:\/\/ibex-gin.ch\/produit\/ibex-alpine-swiss-gin-red-chili-edition-mignonnette\/"},"modified":"2024-10-14T14:06:54","modified_gmt":"2024-10-14T12:06:54","slug":"ibex-alpine-swiss-gin-red-chili-edition-mignonnette","status":"publish","type":"product","link":"https:\/\/staging.ibex-gin.ch\/de\/produit\/ibex-alpine-swiss-gin-red-chili-edition-mignonnette\/","title":{"rendered":"Mini IBEX ALPINE SWISS GIN Red Chili edition"},"content":{"rendered":"<p class=\"p1\">Name:<\/p>\n<p class=\"p2\">Trockener Gin<\/p>\n<p class=\"p1\">Zutaten :<\/p>\n<p class=\"p2\">Bio-Wacholderbeere, Bio-Zitronen- und Orangenschalen, Bio-S\u00fc\u00dfholz, Bio-Koriandersamen, Bio-Holunder, Ingwer, zwei Paprikasorten, Neutralalkohol und Quellwasser aus den Alpen.<\/p>\n<p class=\"p1\">Farbe :<\/p>\n<p class=\"p2\">Kristallin<\/p>\n<p class=\"p1\">Nase :<\/p>\n<p class=\"p2\">Intensiv und ausdrucksstark offenbart er zuerst Zitrusnoten, dann eine pflanzliche Seite mit Wacholder und einem subtilen Chili.<\/p>\n<p class=\"p1\">Stickig :<\/p>\n<p class=\"p2\">Sch\u00f6ne Textur am Gaumen, der Pfeffer gibt einen w\u00fcrzigen Start, der dann mit den Zitrusnoten harmoniert, wo die Orange leicht \u00fcbernimmt und Rundheit bringt. Sch\u00f6ne Balance.<\/p>\n<p class=\"p1\">Finale:<\/p>\n<p class=\"p2\">Lang und w\u00fcrzig (Chili, Wacholder).<\/p>\n<p class=\"p1\">Alkoholgehalt:<\/p>\n<p class=\"p2\">40%<\/p>\n<p class=\"p1\">Kapazit\u00e4t:<\/p>\n<p class=\"p2\">40 ml.<\/p>\n<p class=\"p1\">Verkostung <span class=\"s1\">:<\/span><\/p>\n<p class=\"p2\">Ganz frisch \u201eon the rock\u201c, mit einem Tonic oder sogar in Gin Fizz.<\/p>\n<p class=\"p1\">100% Schweizer Produktion:<\/p>\n<p class=\"p1\">Ibex Gin k\u00fcmmert sich um alle Produktions- und Vertriebsphasen an zwei Standorten in Bex und Verbier (Mazeration, Filtration,<\/p>\n<p class=\"p2\">Abf\u00fcllung usw.). Lediglich die Destillation erfolgt in Martigny durch die Destillerie Louis Morand &amp; Cie SA.<\/p>\n","protected":false},"excerpt":{"rendered":"<p>Ibex Gin Red Chili Edition ist ein Dry Gin mit einer intensiven und ausdrucksstarken Nase. Er enth\u00fcllt zun\u00e4chst Zitrusnoten, dann eine pflanzliche Seite mit Wacholder und subtilem Piment.<br \/>\nEr hat eine sch\u00f6ne Textur am Gaumen, das Piment sorgt f\u00fcr einen w\u00fcrzigen Auftakt, der dann mit den Zitrusnoten harmoniert, wobei die Orange leicht die Oberhand gewinnt und f\u00fcr Abrundung sorgt.<\/p>\n","protected":false},"featured_media":29560,"comment_status":"open","ping_status":"closed","template":"","meta":{"jetpack_publicize_message":"","jetpack_publicize_feature_enabled":true,"jetpack_social_post_already_shared":true,"jetpack_social_options":{"image_generator_settings":{"template":"highway","default_image_id":0,"font":"","enabled":false},"version":2}},"product_brand":[],"product_cat":[48],"product_tag":[],"class_list":{"0":"post-29529","1":"product","2":"type-product","3":"status-publish","4":"has-post-thumbnail","6":"product_cat-spirituosen","8":"first","9":"instock","10":"taxable","11":"shipping-taxable","12":"purchasable","13":"product-type-simple"},"yoast_head":"<!-- This site is optimized with the Yoast SEO Premium plugin v27.2 (Yoast SEO v27.4) - https:\/\/yoast.com\/product\/yoast-seo-premium-wordpress\/ -->\n<title>Ibex Alpine Swiss Gin Red Chili edition mini: Trockener Gin mit intensivem Geschmack - Ibex Gin<\/title>\n<meta name=\"description\" content=\"Lust auf einen einzigartigen Dry Gin? Probieren Sie unseren Ibex Alpine Swiss Gin Red Chili Mini-Edition. Eine Geschmacksexplosion mit Noten von Zitrusfr\u00fcchten, Wacholder und Piment. G\u00f6nnen Sie sich diesen Genuss jetzt!\" \/>\n<meta name=\"robots\" content=\"noindex, follow, max-snippet:-1, max-image-preview:large, max-video-preview:-1\" \/>\n<meta property=\"og:locale\" content=\"de_DE\" \/>\n<meta property=\"og:type\" content=\"article\" \/>\n<meta property=\"og:title\" content=\"Mini IBEX ALPINE SWISS GIN Red Chili edition\" \/>\n<meta property=\"og:description\" content=\"Lust auf einen einzigartigen Dry Gin? Probieren Sie unseren Ibex Alpine Swiss Gin Red Chili Mini-Edition. Eine Geschmacksexplosion mit Noten von Zitrusfr\u00fcchten, Wacholder und Piment. G\u00f6nnen Sie sich diesen Genuss jetzt!\" \/>\n<meta property=\"og:url\" content=\"https:\/\/staging.ibex-gin.ch\/de\/produit\/ibex-alpine-swiss-gin-red-chili-edition-mignonnette\/\" \/>\n<meta property=\"og:site_name\" content=\"Ibex Gin\" \/>\n<meta property=\"article:publisher\" content=\"https:\/\/www.facebook.com\/Ibex.gin\" \/>\n<meta property=\"article:modified_time\" content=\"2024-10-14T12:06:54+00:00\" \/>\n<meta property=\"og:image\" content=\"https:\/\/i0.wp.com\/ibex-gin.ch\/wp-content\/uploads\/2024\/05\/Red-chilli-mini_.png?fit=2525%2C2525&ssl=1\" \/>\n\t<meta property=\"og:image:width\" content=\"2525\" \/>\n\t<meta property=\"og:image:height\" content=\"2525\" \/>\n\t<meta property=\"og:image:type\" content=\"image\/png\" \/>\n<meta name=\"twitter:card\" content=\"summary_large_image\" \/>\n<meta name=\"twitter:label1\" content=\"Preis\" \/>\n\t<meta name=\"twitter:data1\" content=\"&#067;&#072;&#070;&nbsp;8.00\" \/>\n\t<meta name=\"twitter:label2\" content=\"Verf\u00fcgbarkeit\" \/>\n\t<meta name=\"twitter:data2\" content=\"Auf Lager\" \/>\n<script type=\"application\/ld+json\" class=\"yoast-schema-graph\">{\"@context\":\"https:\\\/\\\/schema.org\",\"@graph\":[{\"@type\":\"WebPage\",\"@id\":\"https:\\\/\\\/staging.ibex-gin.ch\\\/de\\\/produit\\\/ibex-alpine-swiss-gin-red-chili-edition-mignonnette\\\/\",\"url\":\"https:\\\/\\\/staging.ibex-gin.ch\\\/de\\\/produit\\\/ibex-alpine-swiss-gin-red-chili-edition-mignonnette\\\/\",\"name\":\"Ibex Alpine Swiss Gin Red Chili edition mini: Trockener Gin mit intensivem Geschmack - Ibex Gin\",\"isPartOf\":{\"@id\":\"https:\\\/\\\/staging.ibex-gin.ch\\\/de\\\/#website\"},\"primaryImageOfPage\":{\"@id\":\"https:\\\/\\\/staging.ibex-gin.ch\\\/de\\\/produit\\\/ibex-alpine-swiss-gin-red-chili-edition-mignonnette\\\/#primaryimage\"},\"image\":{\"@id\":\"https:\\\/\\\/staging.ibex-gin.ch\\\/de\\\/produit\\\/ibex-alpine-swiss-gin-red-chili-edition-mignonnette\\\/#primaryimage\"},\"thumbnailUrl\":\"https:\\\/\\\/i0.wp.com\\\/staging.ibex-gin.ch\\\/wp-content\\\/uploads\\\/2024\\\/05\\\/Red-chilli-mini_.png?fit=2525%2C2525&ssl=1\",\"datePublished\":\"2024-05-18T07:47:39+00:00\",\"dateModified\":\"2024-10-14T12:06:54+00:00\",\"description\":\"Lust auf einen einzigartigen Dry Gin? Probieren Sie unseren Ibex Alpine Swiss Gin Red Chili Mini-Edition. Eine Geschmacksexplosion mit Noten von Zitrusfr\u00fcchten, Wacholder und Piment. G\u00f6nnen Sie sich diesen Genuss jetzt!\",\"breadcrumb\":{\"@id\":\"https:\\\/\\\/staging.ibex-gin.ch\\\/de\\\/produit\\\/ibex-alpine-swiss-gin-red-chili-edition-mignonnette\\\/#breadcrumb\"},\"inLanguage\":\"de\",\"potentialAction\":[{\"@type\":\"ReadAction\",\"target\":[\"https:\\\/\\\/staging.ibex-gin.ch\\\/de\\\/produit\\\/ibex-alpine-swiss-gin-red-chili-edition-mignonnette\\\/\"]}]},{\"@type\":\"ImageObject\",\"inLanguage\":\"de\",\"@id\":\"https:\\\/\\\/staging.ibex-gin.ch\\\/de\\\/produit\\\/ibex-alpine-swiss-gin-red-chili-edition-mignonnette\\\/#primaryimage\",\"url\":\"https:\\\/\\\/i0.wp.com\\\/staging.ibex-gin.ch\\\/wp-content\\\/uploads\\\/2024\\\/05\\\/Red-chilli-mini_.png?fit=2525%2C2525&ssl=1\",\"contentUrl\":\"https:\\\/\\\/i0.wp.com\\\/staging.ibex-gin.ch\\\/wp-content\\\/uploads\\\/2024\\\/05\\\/Red-chilli-mini_.png?fit=2525%2C2525&ssl=1\",\"width\":2525,\"height\":2525},{\"@type\":\"BreadcrumbList\",\"@id\":\"https:\\\/\\\/staging.ibex-gin.ch\\\/de\\\/produit\\\/ibex-alpine-swiss-gin-red-chili-edition-mignonnette\\\/#breadcrumb\",\"itemListElement\":[{\"@type\":\"ListItem\",\"position\":1,\"name\":\"Accueil\",\"item\":\"https:\\\/\\\/staging.ibex-gin.ch\\\/de\\\/\"},{\"@type\":\"ListItem\",\"position\":2,\"name\":\"Shop\",\"item\":\"https:\\\/\\\/staging.ibex-gin.ch\\\/de\\\/shop\\\/\"},{\"@type\":\"ListItem\",\"position\":3,\"name\":\"Mini IBEX ALPINE SWISS GIN Red Chili edition\"}]},{\"@type\":\"WebSite\",\"@id\":\"https:\\\/\\\/staging.ibex-gin.ch\\\/de\\\/#website\",\"url\":\"https:\\\/\\\/staging.ibex-gin.ch\\\/de\\\/\",\"name\":\"Ibex Gin\",\"description\":\"\",\"publisher\":{\"@id\":\"https:\\\/\\\/staging.ibex-gin.ch\\\/de\\\/#organization\"},\"potentialAction\":[{\"@type\":\"SearchAction\",\"target\":{\"@type\":\"EntryPoint\",\"urlTemplate\":\"https:\\\/\\\/staging.ibex-gin.ch\\\/de\\\/?s={search_term_string}\"},\"query-input\":{\"@type\":\"PropertyValueSpecification\",\"valueRequired\":true,\"valueName\":\"search_term_string\"}}],\"inLanguage\":\"de\"},{\"@type\":\"Organization\",\"@id\":\"https:\\\/\\\/staging.ibex-gin.ch\\\/de\\\/#organization\",\"name\":\"Ibex Gin\",\"url\":\"https:\\\/\\\/staging.ibex-gin.ch\\\/de\\\/\",\"logo\":{\"@type\":\"ImageObject\",\"inLanguage\":\"de\",\"@id\":\"https:\\\/\\\/staging.ibex-gin.ch\\\/de\\\/#\\\/schema\\\/logo\\\/image\\\/\",\"url\":\"https:\\\/\\\/staging.ibex-gin.ch\\\/wp-content\\\/uploads\\\/2022\\\/01\\\/cropped-Ibex_Logo_2021-2.png\",\"contentUrl\":\"https:\\\/\\\/staging.ibex-gin.ch\\\/wp-content\\\/uploads\\\/2022\\\/01\\\/cropped-Ibex_Logo_2021-2.png\",\"width\":1583,\"height\":1181,\"caption\":\"Ibex Gin\"},\"image\":{\"@id\":\"https:\\\/\\\/staging.ibex-gin.ch\\\/de\\\/#\\\/schema\\\/logo\\\/image\\\/\"},\"sameAs\":[\"https:\\\/\\\/www.facebook.com\\\/Ibex.gin\",\"https:\\\/\\\/www.instagram.com\\\/ibex.gin\\\/\"]}]}<\/script>\n<meta property=\"product:price:amount\" content=\"8.00\" \/>\n<meta property=\"product:price:currency\" content=\"CHF\" \/>\n<meta property=\"og:availability\" content=\"instock\" \/>\n<meta property=\"product:availability\" content=\"instock\" \/>\n<meta property=\"product:retailer_item_id\" content=\"RED002\" \/>\n<meta property=\"product:condition\" content=\"new\" \/>\n<!-- \/ Yoast SEO Premium plugin. -->","yoast_head_json":{"title":"Ibex Alpine Swiss Gin Red Chili edition mini: Trockener Gin mit intensivem Geschmack - Ibex Gin","description":"Lust auf einen einzigartigen Dry Gin? Probieren Sie unseren Ibex Alpine Swiss Gin Red Chili Mini-Edition. Eine Geschmacksexplosion mit Noten von Zitrusfr\u00fcchten, Wacholder und Piment. G\u00f6nnen Sie sich diesen Genuss jetzt!","robots":{"index":"noindex","follow":"follow","max-snippet":"max-snippet:-1","max-image-preview":"max-image-preview:large","max-video-preview":"max-video-preview:-1"},"og_locale":"de_DE","og_type":"article","og_title":"Mini IBEX ALPINE SWISS GIN Red Chili edition","og_description":"Lust auf einen einzigartigen Dry Gin? Probieren Sie unseren Ibex Alpine Swiss Gin Red Chili Mini-Edition. Eine Geschmacksexplosion mit Noten von Zitrusfr\u00fcchten, Wacholder und Piment. G\u00f6nnen Sie sich diesen Genuss jetzt!","og_url":"https:\/\/staging.ibex-gin.ch\/de\/produit\/ibex-alpine-swiss-gin-red-chili-edition-mignonnette\/","og_site_name":"Ibex Gin","article_publisher":"https:\/\/www.facebook.com\/Ibex.gin","article_modified_time":"2024-10-14T12:06:54+00:00","og_image":[{"width":2525,"height":2525,"url":"https:\/\/i0.wp.com\/ibex-gin.ch\/wp-content\/uploads\/2024\/05\/Red-chilli-mini_.png?fit=2525%2C2525&ssl=1","type":"image\/png"}],"twitter_card":"summary_large_image","twitter_misc":{"Preis":"&#67;&#72;&#70;&nbsp;8.00","Verf\u00fcgbarkeit":"Auf Lager"},"schema":{"@context":"https:\/\/schema.org","@graph":[{"@type":"WebPage","@id":"https:\/\/staging.ibex-gin.ch\/de\/produit\/ibex-alpine-swiss-gin-red-chili-edition-mignonnette\/","url":"https:\/\/staging.ibex-gin.ch\/de\/produit\/ibex-alpine-swiss-gin-red-chili-edition-mignonnette\/","name":"Ibex Alpine Swiss Gin Red Chili edition mini: Trockener Gin mit intensivem Geschmack - Ibex Gin","isPartOf":{"@id":"https:\/\/staging.ibex-gin.ch\/de\/#website"},"primaryImageOfPage":{"@id":"https:\/\/staging.ibex-gin.ch\/de\/produit\/ibex-alpine-swiss-gin-red-chili-edition-mignonnette\/#primaryimage"},"image":{"@id":"https:\/\/staging.ibex-gin.ch\/de\/produit\/ibex-alpine-swiss-gin-red-chili-edition-mignonnette\/#primaryimage"},"thumbnailUrl":"https:\/\/i0.wp.com\/staging.ibex-gin.ch\/wp-content\/uploads\/2024\/05\/Red-chilli-mini_.png?fit=2525%2C2525&ssl=1","datePublished":"2024-05-18T07:47:39+00:00","dateModified":"2024-10-14T12:06:54+00:00","description":"Lust auf einen einzigartigen Dry Gin? Probieren Sie unseren Ibex Alpine Swiss Gin Red Chili Mini-Edition. Eine Geschmacksexplosion mit Noten von Zitrusfr\u00fcchten, Wacholder und Piment. G\u00f6nnen Sie sich diesen Genuss jetzt!","breadcrumb":{"@id":"https:\/\/staging.ibex-gin.ch\/de\/produit\/ibex-alpine-swiss-gin-red-chili-edition-mignonnette\/#breadcrumb"},"inLanguage":"de","potentialAction":[{"@type":"ReadAction","target":["https:\/\/staging.ibex-gin.ch\/de\/produit\/ibex-alpine-swiss-gin-red-chili-edition-mignonnette\/"]}]},{"@type":"ImageObject","inLanguage":"de","@id":"https:\/\/staging.ibex-gin.ch\/de\/produit\/ibex-alpine-swiss-gin-red-chili-edition-mignonnette\/#primaryimage","url":"https:\/\/i0.wp.com\/staging.ibex-gin.ch\/wp-content\/uploads\/2024\/05\/Red-chilli-mini_.png?fit=2525%2C2525&ssl=1","contentUrl":"https:\/\/i0.wp.com\/staging.ibex-gin.ch\/wp-content\/uploads\/2024\/05\/Red-chilli-mini_.png?fit=2525%2C2525&ssl=1","width":2525,"height":2525},{"@type":"BreadcrumbList","@id":"https:\/\/staging.ibex-gin.ch\/de\/produit\/ibex-alpine-swiss-gin-red-chili-edition-mignonnette\/#breadcrumb","itemListElement":[{"@type":"ListItem","position":1,"name":"Accueil","item":"https:\/\/staging.ibex-gin.ch\/de\/"},{"@type":"ListItem","position":2,"name":"Shop","item":"https:\/\/staging.ibex-gin.ch\/de\/shop\/"},{"@type":"ListItem","position":3,"name":"Mini IBEX ALPINE SWISS GIN Red Chili edition"}]},{"@type":"WebSite","@id":"https:\/\/staging.ibex-gin.ch\/de\/#website","url":"https:\/\/staging.ibex-gin.ch\/de\/","name":"Ibex Gin","description":"","publisher":{"@id":"https:\/\/staging.ibex-gin.ch\/de\/#organization"},"potentialAction":[{"@type":"SearchAction","target":{"@type":"EntryPoint","urlTemplate":"https:\/\/staging.ibex-gin.ch\/de\/?s={search_term_string}"},"query-input":{"@type":"PropertyValueSpecification","valueRequired":true,"valueName":"search_term_string"}}],"inLanguage":"de"},{"@type":"Organization","@id":"https:\/\/staging.ibex-gin.ch\/de\/#organization","name":"Ibex Gin","url":"https:\/\/staging.ibex-gin.ch\/de\/","logo":{"@type":"ImageObject","inLanguage":"de","@id":"https:\/\/staging.ibex-gin.ch\/de\/#\/schema\/logo\/image\/","url":"https:\/\/staging.ibex-gin.ch\/wp-content\/uploads\/2022\/01\/cropped-Ibex_Logo_2021-2.png","contentUrl":"https:\/\/staging.ibex-gin.ch\/wp-content\/uploads\/2022\/01\/cropped-Ibex_Logo_2021-2.png","width":1583,"height":1181,"caption":"Ibex Gin"},"image":{"@id":"https:\/\/staging.ibex-gin.ch\/de\/#\/schema\/logo\/image\/"},"sameAs":["https:\/\/www.facebook.com\/Ibex.gin","https:\/\/www.instagram.com\/ibex.gin\/"]}]},"product_price_amount":"8.00","product_price_currency":"CHF","og_availability":"instock","product_availability":"instock","product_retailer_item_id":"RED002","product_condition":"new"},"jetpack_publicize_connections":[],"_links":{"self":[{"href":"https:\/\/staging.ibex-gin.ch\/de\/wp-json\/wp\/v2\/product\/29529","targetHints":{"allow":["GET"]}}],"collection":[{"href":"https:\/\/staging.ibex-gin.ch\/de\/wp-json\/wp\/v2\/product"}],"about":[{"href":"https:\/\/staging.ibex-gin.ch\/de\/wp-json\/wp\/v2\/types\/product"}],"replies":[{"embeddable":true,"href":"https:\/\/staging.ibex-gin.ch\/de\/wp-json\/wp\/v2\/comments?post=29529"}],"wp:featuredmedia":[{"embeddable":true,"href":"https:\/\/staging.ibex-gin.ch\/de\/wp-json\/wp\/v2\/media\/29560"}],"wp:attachment":[{"href":"https:\/\/staging.ibex-gin.ch\/de\/wp-json\/wp\/v2\/media?parent=29529"}],"wp:term":[{"taxonomy":"product_brand","embeddable":true,"href":"https:\/\/staging.ibex-gin.ch\/de\/wp-json\/wp\/v2\/product_brand?post=29529"},{"taxonomy":"product_cat","embeddable":true,"href":"https:\/\/staging.ibex-gin.ch\/de\/wp-json\/wp\/v2\/product_cat?post=29529"},{"taxonomy":"product_tag","embeddable":true,"href":"https:\/\/staging.ibex-gin.ch\/de\/wp-json\/wp\/v2\/product_tag?post=29529"}],"curies":[{"name":"wp","href":"https:\/\/api.w.org\/{rel}","templated":true}]}}