{"id":29723,"date":"2025-01-29T23:44:41","date_gmt":"2025-01-29T22:44:41","guid":{"rendered":"https:\/\/ibex-gin.ch\/ibex-theke\/"},"modified":"2025-01-29T23:44:59","modified_gmt":"2025-01-29T22:44:59","slug":"ibex-theke","status":"publish","type":"page","link":"https:\/\/staging.ibex-gin.ch\/de\/ibex-theke\/","title":{"rendered":"Ibex Theke"},"content":{"rendered":"\n<div class=\"wp-block-group\" style=\"padding-top:0;padding-right:var(--wp--preset--spacing--20);padding-bottom:0;padding-left:var(--wp--preset--spacing--20)\"><div class=\"wp-block-group__inner-container is-layout-constrained wp-container-core-group-is-layout-29a8626f wp-block-group-is-layout-constrained\">\n<h2 class=\"wp-block-heading\" id=\"h-l-experience-ibex-au-coeur-du-val-de-bagnes\"><strong>Das Ibex-Erlebnis im Herzen des Val de Bagnes<\/strong><\/h2>\n\n\n\n<p>\ud83d\ude80 <strong>Demn\u00e4chst ge\u00f6ffnet<\/strong> \ud83d\ude80<\/p>\n\n\n\n<p>Willkommen im <strong>Comptoir Ibex<\/strong>, einem Ort, an dem die Leidenschaft f\u00fcr Gin, Handwerkskunst und die Freude an der Verkostung zusammentreffen. Im Herzen des <strong>Val de Bagnes<\/strong> gelegen, umfasst unser einzigartiger Raum <strong>unsere Brennerei<\/strong>, <strong>Bar<\/strong> und <strong>Boutique<\/strong>, wodurch Sie in die Welt von Ibex eintauchen k\u00f6nnen.<\/p>\n\n\n\n<h4 class=\"wp-block-heading\"><strong>Ein Ort, drei Erfahrungen<\/strong><\/h4>\n\n\n\n<p>\ud83d\udd39 <strong>Die Destillerie<\/strong><br\/>Werfen Sie einen Blick hinter die Kulissen der Herstellung unserer Spirituosen. Von der Auswahl der Botanicals bis zur Destillation, entdecken Sie das gesamte Know-how, das die Kreationen von <strong>Ibex<\/strong> entstehen l\u00e4sst. Wir werden regelm\u00e4\u00dfig Besichtigungen und Verkostungen organisieren, damit Sie unsere Leidenschaft erleben k\u00f6nnen.<\/p>\n\n\n\n<p>\ud83c\udf78 <strong>Die Bar<\/strong><br\/>Nehmen Sie Platz und lassen Sie sich von unseren Signatur-Cocktails verf\u00fchren, in denen unsere Ibex-Spirituosen im Mittelpunkt stehen. In einer warmen und authentischen Atmosph\u00e4re k\u00f6nnen Sie eine kreative Speisekarte erkunden, in der jedes Glas eine Geschichte erz\u00e4hlt.<\/p>\n\n\n\n<p>\ud83d\udecd\ufe0f <strong>Der Shop<\/strong><br\/>Nehmen Sie ein St\u00fcck der Ibex-Erfahrung mit nach Hause. Zus\u00e4tzlich zu unseren Gins und anderen Spirituosen bieten wir Ihnen eine feine Auswahl an <strong>Weinen, Zigarren und Schokolade<\/strong>, die sorgf\u00e4ltig von passionierten Produzenten und Freunden des Hauses ausgew\u00e4hlt wurden.<\/p>\n\n\n\n<h3 class=\"wp-block-heading\"><strong>Eine Einladung zur Entdeckung<\/strong><\/h3>\n\n\n\n<p>Ob Sie nun ein Gin-Liebhaber sind, eine Leidenschaft f\u00fcr Spirituosen haben oder einfach nur einen Moment au\u00dferhalb der Zeit suchen, das <strong>Ibex Comptoir<\/strong> wird bald <strong>Ihr neues Ziel<\/strong> sein.<\/p>\n\n\n\n<p>\ud83d\udccd <strong>Adresse:<\/strong> Route de Mauvoisin 6, 1934 Le Ch\u00e2ble<br\/>\u23f3 <strong>Bald ge\u00f6ffnet &#8211; Bleiben Sie dran f\u00fcr weitere Informationen!<\/strong><\/p>\n<\/div><\/div>\n\n<div class=\"wp-block-columns is-layout-flex wp-container-core-columns-is-layout-28747e1f wp-block-columns-is-layout-flex\" style=\"padding-top:0;padding-right:var(--wp--preset--spacing--10);padding-bottom:0;padding-left:var(--wp--preset--spacing--10)\">\n<div class=\"wp-block-column is-layout-flow wp-block-column-is-layout-flow\" style=\"padding-right:var(--wp--preset--spacing--10);padding-left:var(--wp--preset--spacing--10)\">\n\n\n<div class=\"wp-block-buttons is-layout-flex wp-block-buttons-is-layout-flex\">\n<div class=\"wp-block-button has-custom-width wp-block-button__width-100\"><a class=\"wp-block-button__link wp-element-button\">Button Text hinzuf\u00fcgen<\/a><\/div>\n<\/div>\n\n\n<\/div>\n<\/div>\n","protected":false},"excerpt":{"rendered":"<p>Das Ibex-Erlebnis im Herzen des Val de Bagnes \ud83d\ude80 Demn\u00e4chst ge\u00f6ffnet \ud83d\ude80 Willkommen im Comptoir Ibex, einem Ort, an dem die Leidenschaft f\u00fcr Gin, Handwerkskunst und die Freude an der Verkostung zusammentreffen. Im Herzen des Val de Bagnes gelegen, umfasst unser einzigartiger Raum unsere Brennerei, Bar und Boutique, wodurch Sie in die Welt von Ibex [&hellip;]<\/p>\n","protected":false},"author":1,"featured_media":0,"parent":0,"menu_order":0,"comment_status":"closed","ping_status":"closed","template":"","meta":{"footnotes":""},"class_list":["post-29723","page","type-page","status-publish","hentry"],"yoast_head":"<!-- This site is optimized with the Yoast SEO Premium plugin v27.2 (Yoast SEO v27.4) - https:\/\/yoast.com\/product\/yoast-seo-premium-wordpress\/ -->\n<title>Ibex Theke: Die Leidenschaft f\u00fcr Gin - Ibex Gin<\/title>\n<meta name=\"description\" content=\"Entdecken Sie das Ibex-Counter: Leidenschaft f\u00fcr Gin, Handwerkskunst und Spa\u00df an der Verkostung. Brennerei, Bar und Boutique im Herzen des Val de Bagnes.\" \/>\n<meta name=\"robots\" content=\"noindex, follow, max-snippet:-1, max-image-preview:large, max-video-preview:-1\" \/>\n<meta property=\"og:locale\" content=\"de_DE\" \/>\n<meta property=\"og:type\" content=\"article\" \/>\n<meta property=\"og:title\" content=\"Ibex Theke\" \/>\n<meta property=\"og:description\" content=\"Entdecken Sie das Ibex-Counter: Leidenschaft f\u00fcr Gin, Handwerkskunst und Spa\u00df an der Verkostung. Brennerei, Bar und Boutique im Herzen des Val de Bagnes.\" \/>\n<meta property=\"og:url\" content=\"https:\/\/staging.ibex-gin.ch\/de\/ibex-theke\/\" \/>\n<meta property=\"og:site_name\" content=\"Ibex Gin\" \/>\n<meta property=\"article:publisher\" content=\"https:\/\/www.facebook.com\/Ibex.gin\" \/>\n<meta property=\"article:modified_time\" content=\"2025-01-29T22:44:59+00:00\" \/>\n<meta name=\"twitter:card\" content=\"summary_large_image\" \/>\n<meta name=\"twitter:label1\" content=\"Gesch\u00e4tzte Lesezeit\" \/>\n\t<meta name=\"twitter:data1\" content=\"1\u00a0Minute\" \/>\n<script type=\"application\/ld+json\" class=\"yoast-schema-graph\">{\"@context\":\"https:\\\/\\\/schema.org\",\"@graph\":[{\"@type\":\"WebPage\",\"@id\":\"https:\\\/\\\/staging.ibex-gin.ch\\\/de\\\/ibex-theke\\\/\",\"url\":\"https:\\\/\\\/staging.ibex-gin.ch\\\/de\\\/ibex-theke\\\/\",\"name\":\"Ibex Theke: Die Leidenschaft f\u00fcr Gin - Ibex Gin\",\"isPartOf\":{\"@id\":\"https:\\\/\\\/staging.ibex-gin.ch\\\/de\\\/#website\"},\"datePublished\":\"2025-01-29T22:44:41+00:00\",\"dateModified\":\"2025-01-29T22:44:59+00:00\",\"description\":\"Entdecken Sie das Ibex-Counter: Leidenschaft f\u00fcr Gin, Handwerkskunst und Spa\u00df an der Verkostung. Brennerei, Bar und Boutique im Herzen des Val de Bagnes.\",\"breadcrumb\":{\"@id\":\"https:\\\/\\\/staging.ibex-gin.ch\\\/de\\\/ibex-theke\\\/#breadcrumb\"},\"inLanguage\":\"de\",\"potentialAction\":[{\"@type\":\"ReadAction\",\"target\":[\"https:\\\/\\\/staging.ibex-gin.ch\\\/de\\\/ibex-theke\\\/\"]}]},{\"@type\":\"BreadcrumbList\",\"@id\":\"https:\\\/\\\/staging.ibex-gin.ch\\\/de\\\/ibex-theke\\\/#breadcrumb\",\"itemListElement\":[{\"@type\":\"ListItem\",\"position\":1,\"name\":\"Accueil\",\"item\":\"https:\\\/\\\/staging.ibex-gin.ch\\\/de\\\/\"},{\"@type\":\"ListItem\",\"position\":2,\"name\":\"Ibex Theke\"}]},{\"@type\":\"WebSite\",\"@id\":\"https:\\\/\\\/staging.ibex-gin.ch\\\/de\\\/#website\",\"url\":\"https:\\\/\\\/staging.ibex-gin.ch\\\/de\\\/\",\"name\":\"Ibex Gin\",\"description\":\"\",\"publisher\":{\"@id\":\"https:\\\/\\\/staging.ibex-gin.ch\\\/de\\\/#organization\"},\"potentialAction\":[{\"@type\":\"SearchAction\",\"target\":{\"@type\":\"EntryPoint\",\"urlTemplate\":\"https:\\\/\\\/staging.ibex-gin.ch\\\/de\\\/?s={search_term_string}\"},\"query-input\":{\"@type\":\"PropertyValueSpecification\",\"valueRequired\":true,\"valueName\":\"search_term_string\"}}],\"inLanguage\":\"de\"},{\"@type\":\"Organization\",\"@id\":\"https:\\\/\\\/staging.ibex-gin.ch\\\/de\\\/#organization\",\"name\":\"Ibex Gin\",\"url\":\"https:\\\/\\\/staging.ibex-gin.ch\\\/de\\\/\",\"logo\":{\"@type\":\"ImageObject\",\"inLanguage\":\"de\",\"@id\":\"https:\\\/\\\/staging.ibex-gin.ch\\\/de\\\/#\\\/schema\\\/logo\\\/image\\\/\",\"url\":\"https:\\\/\\\/staging.ibex-gin.ch\\\/wp-content\\\/uploads\\\/2022\\\/01\\\/cropped-Ibex_Logo_2021-2.png\",\"contentUrl\":\"https:\\\/\\\/staging.ibex-gin.ch\\\/wp-content\\\/uploads\\\/2022\\\/01\\\/cropped-Ibex_Logo_2021-2.png\",\"width\":1583,\"height\":1181,\"caption\":\"Ibex Gin\"},\"image\":{\"@id\":\"https:\\\/\\\/staging.ibex-gin.ch\\\/de\\\/#\\\/schema\\\/logo\\\/image\\\/\"},\"sameAs\":[\"https:\\\/\\\/www.facebook.com\\\/Ibex.gin\",\"https:\\\/\\\/www.instagram.com\\\/ibex.gin\\\/\"]}]}<\/script>\n<!-- \/ Yoast SEO Premium plugin. -->","yoast_head_json":{"title":"Ibex Theke: Die Leidenschaft f\u00fcr Gin - Ibex Gin","description":"Entdecken Sie das Ibex-Counter: Leidenschaft f\u00fcr Gin, Handwerkskunst und Spa\u00df an der Verkostung. Brennerei, Bar und Boutique im Herzen des Val de Bagnes.","robots":{"index":"noindex","follow":"follow","max-snippet":"max-snippet:-1","max-image-preview":"max-image-preview:large","max-video-preview":"max-video-preview:-1"},"og_locale":"de_DE","og_type":"article","og_title":"Ibex Theke","og_description":"Entdecken Sie das Ibex-Counter: Leidenschaft f\u00fcr Gin, Handwerkskunst und Spa\u00df an der Verkostung. Brennerei, Bar und Boutique im Herzen des Val de Bagnes.","og_url":"https:\/\/staging.ibex-gin.ch\/de\/ibex-theke\/","og_site_name":"Ibex Gin","article_publisher":"https:\/\/www.facebook.com\/Ibex.gin","article_modified_time":"2025-01-29T22:44:59+00:00","twitter_card":"summary_large_image","twitter_misc":{"Gesch\u00e4tzte Lesezeit":"1\u00a0Minute"},"schema":{"@context":"https:\/\/schema.org","@graph":[{"@type":"WebPage","@id":"https:\/\/staging.ibex-gin.ch\/de\/ibex-theke\/","url":"https:\/\/staging.ibex-gin.ch\/de\/ibex-theke\/","name":"Ibex Theke: Die Leidenschaft f\u00fcr Gin - Ibex Gin","isPartOf":{"@id":"https:\/\/staging.ibex-gin.ch\/de\/#website"},"datePublished":"2025-01-29T22:44:41+00:00","dateModified":"2025-01-29T22:44:59+00:00","description":"Entdecken Sie das Ibex-Counter: Leidenschaft f\u00fcr Gin, Handwerkskunst und Spa\u00df an der Verkostung. Brennerei, Bar und Boutique im Herzen des Val de Bagnes.","breadcrumb":{"@id":"https:\/\/staging.ibex-gin.ch\/de\/ibex-theke\/#breadcrumb"},"inLanguage":"de","potentialAction":[{"@type":"ReadAction","target":["https:\/\/staging.ibex-gin.ch\/de\/ibex-theke\/"]}]},{"@type":"BreadcrumbList","@id":"https:\/\/staging.ibex-gin.ch\/de\/ibex-theke\/#breadcrumb","itemListElement":[{"@type":"ListItem","position":1,"name":"Accueil","item":"https:\/\/staging.ibex-gin.ch\/de\/"},{"@type":"ListItem","position":2,"name":"Ibex Theke"}]},{"@type":"WebSite","@id":"https:\/\/staging.ibex-gin.ch\/de\/#website","url":"https:\/\/staging.ibex-gin.ch\/de\/","name":"Ibex Gin","description":"","publisher":{"@id":"https:\/\/staging.ibex-gin.ch\/de\/#organization"},"potentialAction":[{"@type":"SearchAction","target":{"@type":"EntryPoint","urlTemplate":"https:\/\/staging.ibex-gin.ch\/de\/?s={search_term_string}"},"query-input":{"@type":"PropertyValueSpecification","valueRequired":true,"valueName":"search_term_string"}}],"inLanguage":"de"},{"@type":"Organization","@id":"https:\/\/staging.ibex-gin.ch\/de\/#organization","name":"Ibex Gin","url":"https:\/\/staging.ibex-gin.ch\/de\/","logo":{"@type":"ImageObject","inLanguage":"de","@id":"https:\/\/staging.ibex-gin.ch\/de\/#\/schema\/logo\/image\/","url":"https:\/\/staging.ibex-gin.ch\/wp-content\/uploads\/2022\/01\/cropped-Ibex_Logo_2021-2.png","contentUrl":"https:\/\/staging.ibex-gin.ch\/wp-content\/uploads\/2022\/01\/cropped-Ibex_Logo_2021-2.png","width":1583,"height":1181,"caption":"Ibex Gin"},"image":{"@id":"https:\/\/staging.ibex-gin.ch\/de\/#\/schema\/logo\/image\/"},"sameAs":["https:\/\/www.facebook.com\/Ibex.gin","https:\/\/www.instagram.com\/ibex.gin\/"]}]}},"_links":{"self":[{"href":"https:\/\/staging.ibex-gin.ch\/de\/wp-json\/wp\/v2\/pages\/29723","targetHints":{"allow":["GET"]}}],"collection":[{"href":"https:\/\/staging.ibex-gin.ch\/de\/wp-json\/wp\/v2\/pages"}],"about":[{"href":"https:\/\/staging.ibex-gin.ch\/de\/wp-json\/wp\/v2\/types\/page"}],"author":[{"embeddable":true,"href":"https:\/\/staging.ibex-gin.ch\/de\/wp-json\/wp\/v2\/users\/1"}],"replies":[{"embeddable":true,"href":"https:\/\/staging.ibex-gin.ch\/de\/wp-json\/wp\/v2\/comments?post=29723"}],"version-history":[{"count":1,"href":"https:\/\/staging.ibex-gin.ch\/de\/wp-json\/wp\/v2\/pages\/29723\/revisions"}],"predecessor-version":[{"id":29724,"href":"https:\/\/staging.ibex-gin.ch\/de\/wp-json\/wp\/v2\/pages\/29723\/revisions\/29724"}],"wp:attachment":[{"href":"https:\/\/staging.ibex-gin.ch\/de\/wp-json\/wp\/v2\/media?parent=29723"}],"curies":[{"name":"wp","href":"https:\/\/api.w.org\/{rel}","templated":true}]}}