{"id":29338,"date":"2022-02-05T14:38:22","date_gmt":"2022-02-05T13:38:22","guid":{"rendered":"https:\/\/ibex-gin.ch\/shop\/rueckerstattungs-und-rueckgaberecht\/"},"modified":"2024-10-13T16:54:01","modified_gmt":"2024-10-13T14:54:01","slug":"rueckerstattungs-und-rueckgaberecht","status":"publish","type":"page","link":"https:\/\/staging.ibex-gin.ch\/de\/shop\/rueckerstattungs-und-rueckgaberecht\/","title":{"rendered":"R\u00fcckerstattungs- und R\u00fcckgaberecht"},"content":{"rendered":"\n<h2 class=\"wp-block-heading\" id=\"1-champ-d-application\">1. <strong>Geltungsbereich<\/strong><\/h2>\n\n<p class=\"has-text-align-left\" id=\"1-champ-d-application\">Die allgemeinen Verkaufsbedingungen sollen die Beziehung zwischen Ibex Gin SNC und dem Internetnutzer regeln, der im Folgenden vom Kunden bezeichnet wird. Die im Folgenden verwendete m\u00e4nnliche Form \u201eKunde\u201c bezeichnet naturgem\u00e4\u00df sowohl Auftraggeber als auch Auftraggeber. Das Absenden der Bestellung des Kunden impliziert die Annahme dieser Allgemeinen Verkaufsbedingungen in ihrer Gesamtheit, unter Ausschluss aller anderen Bestimmungen oder Bedingungen. Der Kunde erkl\u00e4rt, auf der Grundlage der Allgemeinen Verkaufsbedingungen mit Ibex Gin SNC vertragsf\u00e4hig zu sein. Er garantiert die Richtigkeit aller gemachten Angaben.<\/p>\n\n<p>Die Registrierung im Onlineshop ist gesch\u00e4ftsf\u00e4higen Personen vorbehalten. Die f\u00fcr die Registrierung erforderlichen Daten m\u00fcssen vollst\u00e4ndig und wahrheitsgem\u00e4\u00df angegeben werden. Jeder Kunde ist f\u00fcr die Aktualisierung seiner Daten selbst verantwortlich.<\/p>\n\n<h2 class=\"wp-block-heading\" id=\"2-interdiction-de-vente-aux-mineurs\">2. <strong>Verkaufsverbot an Minderj\u00e4hrige<\/strong><\/h2>\n\n<p>Durch seine Annahme der Allgemeinen Gesch\u00e4ftsbedingungen best\u00e4tigt der Kunde, dass er mindestens 18 Jahre alt ist. Tats\u00e4chlich verbietet das Gesetz den Verkauf von Spirituosen, Aperitifs und Alkopops an Personen unter 18 Jahren sowie den Verkauf von Weinen, Apfelwein und Bier an Personen unter 16 Jahren.<\/p>\n\n<h2 class=\"wp-block-heading\" id=\"3-produits\">3.<strong>Produits<\/strong><\/h2>\n\n<p>Die Eigenschaften der Artikel und Erl\u00e4uterungen dienen nur der Information und stellen keine Vertragsunterlagen dar. Die Fotos erscheinen auf der Seite www.ibex-gin.ch zu Illustrationszwecken und sind nicht Bestandteil der Vertragsbedingungen. Ibex Gin SNC lehnt jede Verantwortung f\u00fcr Fehler oder Auslassungen im Zusammenhang mit den Bildern oder Hinweisen ab, die in seinem Online-Shop erscheinen.<\/p>\n\n<h2 class=\"wp-block-heading\" id=\"4-prix-et-conditions-de-vente\">4. <strong>Preise und Verkaufsbedingungen<\/strong><\/h2>\n\n<p id=\"4-prix-et-conditions-de-vente\">Die auf der Website www.ibex-gin.ch angegebenen Preise verstehen sich in Schweizer Franken (CHF) pro Flasche und inklusive Mehrwertsteuer. Die Preise verstehen sich ab Keller und beinhalten keine Versandkosten.<\/p>\n\n<p>Ibex Gin SNC beh\u00e4lt sich das Recht vor, seine Preise jederzeit zu \u00e4ndern. Der in Rechnung gestellte Preis ist jedoch der zum Zeitpunkt der Bestellung angezeigte Preis.<\/p>\n\n<p>Die im Rahmen von Handelsaktionen auf der Seite www.ibex-gin.ch angebotenen Aktionsrabatte werden direkt vom Rechnungsbetrag abgezogen.<\/p>\n\n<p>Produktangebote sind nur g\u00fcltig, solange sie auf der Website www.ibex-gin.ch sichtbar sind und im Rahmen der verf\u00fcgbaren Best\u00e4nde.<\/p>\n\n<p>Alle Bestellungen sind endg\u00fcltig, sobald die Zahlung best\u00e4tigt wurde.<\/p>\n\n<p>Alle Bestellungen sind mit der Stripe-Plattform oder per Bank\u00fcberweisung zu bezahlen. <\/p>\n\n<h2 class=\"wp-block-heading\" id=\"5-livraison-et-frais-de-livraison\">5. <strong>Lieferung und Lieferkosten<\/strong><\/h2>\n\n<p>Die Produkte werden an die vom Kunden w\u00e4hrend des Bestellvorgangs angegebene Lieferadresse versandt. F\u00dcR JEDES SONDERANGEBOT ODER SONDERRABATTE WERDEN DIE LIEFERKOSTEN IMMER RECHNUNG GESTELLT, UNABH\u00c4NGIG VOM BETRAGSBETRAG.<\/p>\n\n<p><strong>Schweiz<\/strong> :<\/p>\n\n<ul class=\"wp-block-list\">\n<li>Die Lieferkosten f\u00fcr den B-Kurier sind f\u00fcr alle Bestellungen \u00fcber 5 Flaschen kostenlos.<\/li>\n\n\n\n<li>Bei einer Bestellung von 1 Flasche werden CHF 6.30 f\u00fcr die Lieferung verrechnet<\/li>\n\n\n\n<li>Bei Bestellungen von 2 bis 5 Flaschen wird die Lieferung mit CHF 9.00 verrechnet<\/li>\n\n\n\n<li>Expresskurier-Lieferkosten werden mit CHF 28.00 in Rechnung gestellt<\/li>\n<\/ul>\n\n<h2 class=\"wp-block-heading\" id=\"6-paiement-securise-et-protection-des-donnees\">6. <strong>Sichere Zahlung und Datenschutz<\/strong><\/h2>\n\n<p id=\"tous-les-paiements-effectues-en-ligne-sont-securises-les-informations-saisies-pour-le-paiement-sont-cryptees-https-et-transmises-a-zalhs-de-facon-securisee\">Alle Online-Zahlungen sind sicher. Die f\u00fcr die Zahlung eingegebenen Informationen werden verschl\u00fcsselt (https) und auf sichere Weise an Stripe \u00fcbertragen.<\/p>\n\n<p>Nur Zahlungsmittel gem\u00e4\u00df seiner Akzeptanz: VISA, MASTERCARD, GOOGLE PAY, APPLE PAY. <\/p>\n\n<p>Die Verwendung personenbezogener Daten von Kunden durch Ibex Gin SNC entspricht den geltenden Gesetzen, insbesondere dem Datenschutzgesetz. Diese werden vertraulich und sicher behandelt.<\/p>\n\n<p>Ibex Gin SNC verarbeitet und speichert nur die Daten, die f\u00fcr die ordnungsgem\u00e4\u00dfe Erbringung ihrer Dienstleistungen erforderlich sind. Diese Daten werden keinesfalls an Dritte weitergegeben.<\/p>\n\n<h2 class=\"wp-block-heading\" id=\"gout-de-bouchon-bouteilles-defectueusesles-bouteilles-defectueuses-et-ou-presentant-un-gout-de-bouchon-sont-soumises-a-des-conditions-de-retour-et-de-remboursement-expliquees-a-l-article-8-des-presentes-conditions-generales-veuillez-vous-referer-a-ce-point-pour-prendre-connaissance-de-ces-conditions\">7. <strong>Defekte Flaschen<\/strong><\/h2>\n\n<p id=\"gout-de-bouchon-bouteilles-defectueusesles-bouteilles-defectueuses-et-ou-presentant-un-gout-de-bouchon-sont-soumises-a-des-conditions-de-retour-et-de-remboursement-expliquees-a-l-article-8-des-presentes-conditions-generales-veuillez-vous-referer-a-ce-point-pour-prendre-connaissance-de-ces-conditions\">Defekte Flaschen unterliegen den R\u00fcckgabe- und R\u00fcckerstattungsbedingungen, die in Artikel 8 dieser Allgemeinen Gesch\u00e4ftsbedingungen erl\u00e4utert werden. Bitte beziehen Sie sich auf diesen Punkt, um diese Bedingungen zu lesen.<\/p>\n\n<h2 class=\"wp-block-heading\" id=\"8-conditions-de-retour-et-de-remboursement\">8. <strong>R\u00fcckgabe- und R\u00fcckerstattungsbedingungen<\/strong><\/h2>\n\n<p id=\"chiahorn-ag-n-accepte-pas-le-retour-de-marchandises-en-revanche-nous-accordons-une-importance-capitale-a-la-qualite-des-vins-que-nous-vous-proposons-c-est-pourquoi-vous-pouvez-nous-retourner-vos-produits-s-ils-presentent-un-gout-de-bouchon-et-ou-s-l-s-agit-de-bouteille-s-defectueuse-s-si-vous-constatez-ces-anomalies-sur-un-ou-plusieurs-produits-que-vous-avez-commandes-ces-derniers-feront-l-objet-d-un-remboursement-ou-d-un-remplacement-seuls-les-vins-suisses-et-etrangers-sont-remplaces-pour-autant-que-les-bouteilles-bouchonnees-ou-defectueuses-soient-rendues-aux-3-4-pleines-et-avec-le-bouchon-d-origine\">Ibex Gin SNC akzeptiert keine Warenr\u00fccknahme. Wir legen jedoch gro\u00dfen Wert auf die Qualit\u00e4t der Gins, die wir Ihnen anbieten. Daher k\u00f6nnen Sie Ihre Produkte innerhalb von 30 Tagen zur\u00fccksenden, wenn es sich um eine fehlerhafte Flasche handelt. Wenn Sie diese Anomalien an einem oder mehreren von Ihnen bestellten Produkten feststellen, werden diese erstattet oder ersetzt. Nur defekte Flaschen enthalten, die mindestens 3\/4 der Flasche enthalten und mit dem Originalverschluss.<\/p>\n\n<h2 class=\"wp-block-heading\" id=\"9-propriete\">9. <strong>Eigentum<\/strong><\/h2>\n\n<p>Die Ware bleibt bis zur vollst\u00e4ndigen Bezahlung der Rechnung Eigentum von Ibex Gin SNC.<\/p>\n\n<h2 class=\"wp-block-heading\" id=\"10-droit-applicable-et-fort-juridique\">10. <strong>Anwendbares Recht und Rechtskraft<\/strong><\/h2>\n\n<p id=\"les-presentes-conditions-generales-de-vente-ainsi-que-les-contrats-conclus-en-application-sont-regies-par-le-droit-suisse\">Diese Allgemeinen Verkaufsbedingungen sowie die in Anwendung stehenden Vertr\u00e4ge unterstehen schweizerischem Recht.<\/p>\n\n<p>Im Streitfall sind die Walliser Gerichte zust\u00e4ndig.<\/p>\n\n<h2 class=\"wp-block-heading\" id=\"11-validite-et-modifications-des-conditions-generales\">11. <strong>G\u00fcltigkeit und \u00c4nderungen der Allgemeinen Gesch\u00e4ftsbedingungen<\/strong><\/h2>\n\n<p id=\"la-liste-des-vins-est-sous-reserve-de-vente-entre-temps-schiahorn-ag-se-reserve-le-droit-de-modifier-en-tout-temps-et-sans-preavis-l-assortiment-les-prix-et-les-conditions\">Die Gin-Liste ist in der Zwischenzeit freibleibend. Ibex Gin SNC beh\u00e4lt sich das Recht vor, Sortiment, Preise und Bedingungen jederzeit und ohne Vorank\u00fcndigung zu \u00e4ndern.<\/p>\n\n<h2 class=\"wp-block-heading\" id=\"12-contact\"><strong>12.Kontakt<\/strong> <\/h2>\n\n<p>Per Email: <\/p>\n\n<p>info@ibex-gin.ch<\/p>\n\n<p>Per Mail :<\/p>\n\n<p><strong>Ibex Gin SA<\/strong><\/p>\n\n<p><strong>Pr\u00e4torstra\u00dfe 40<\/strong><\/p>\n\n<p><strong>1936 Verbier <\/strong><\/p>\n\n<p>S<strong>uisse<\/strong><\/p>\n\n<p><\/p>\n","protected":false},"excerpt":{"rendered":"<p>1. Geltungsbereich Die allgemeinen Verkaufsbedingungen sollen die Beziehung zwischen Ibex Gin SNC und dem Internetnutzer regeln, der im Folgenden vom Kunden bezeichnet wird. Die im Folgenden verwendete m\u00e4nnliche Form \u201eKunde\u201c bezeichnet naturgem\u00e4\u00df sowohl Auftraggeber als auch Auftraggeber. Das Absenden der Bestellung des Kunden impliziert die Annahme dieser Allgemeinen Verkaufsbedingungen in ihrer Gesamtheit, unter Ausschluss aller [&hellip;]<\/p>\n","protected":false},"author":1,"featured_media":0,"parent":29100,"menu_order":0,"comment_status":"closed","ping_status":"closed","template":"","meta":{"footnotes":""},"class_list":["post-29338","page","type-page","status-publish","hentry"],"yoast_head":"<!-- This site is optimized with the Yoast SEO Premium plugin v27.2 (Yoast SEO v27.4) - https:\/\/yoast.com\/product\/yoast-seo-premium-wordpress\/ -->\n<title>R\u00fcckerstattungs- und R\u00fcckgaberecht - Ibex Gin<\/title>\n<meta name=\"robots\" content=\"noindex, follow, max-snippet:-1, max-image-preview:large, max-video-preview:-1\" \/>\n<meta property=\"og:locale\" content=\"de_DE\" \/>\n<meta property=\"og:type\" content=\"article\" \/>\n<meta property=\"og:title\" content=\"R\u00fcckerstattungs- und R\u00fcckgaberecht\" \/>\n<meta property=\"og:description\" content=\"1. Geltungsbereich Die allgemeinen Verkaufsbedingungen sollen die Beziehung zwischen Ibex Gin SNC und dem Internetnutzer regeln, der im Folgenden vom Kunden bezeichnet wird. Die im Folgenden verwendete m\u00e4nnliche Form \u201eKunde\u201c bezeichnet naturgem\u00e4\u00df sowohl Auftraggeber als auch Auftraggeber. Das Absenden der Bestellung des Kunden impliziert die Annahme dieser Allgemeinen Verkaufsbedingungen in ihrer Gesamtheit, unter Ausschluss aller [&hellip;]\" \/>\n<meta property=\"og:url\" content=\"https:\/\/staging.ibex-gin.ch\/de\/shop\/rueckerstattungs-und-rueckgaberecht\/\" \/>\n<meta property=\"og:site_name\" content=\"Ibex Gin\" \/>\n<meta property=\"article:publisher\" content=\"https:\/\/www.facebook.com\/Ibex.gin\" \/>\n<meta property=\"article:modified_time\" content=\"2024-10-13T14:54:01+00:00\" \/>\n<meta name=\"twitter:card\" content=\"summary_large_image\" \/>\n<meta name=\"twitter:label1\" content=\"Gesch\u00e4tzte Lesezeit\" \/>\n\t<meta name=\"twitter:data1\" content=\"4\u00a0Minuten\" \/>\n<script type=\"application\/ld+json\" class=\"yoast-schema-graph\">{\"@context\":\"https:\\\/\\\/schema.org\",\"@graph\":[{\"@type\":\"WebPage\",\"@id\":\"https:\\\/\\\/staging.ibex-gin.ch\\\/de\\\/shop\\\/rueckerstattungs-und-rueckgaberecht\\\/\",\"url\":\"https:\\\/\\\/staging.ibex-gin.ch\\\/de\\\/shop\\\/rueckerstattungs-und-rueckgaberecht\\\/\",\"name\":\"R\u00fcckerstattungs- und R\u00fcckgaberecht - Ibex Gin\",\"isPartOf\":{\"@id\":\"https:\\\/\\\/staging.ibex-gin.ch\\\/de\\\/#website\"},\"datePublished\":\"2022-02-05T13:38:22+00:00\",\"dateModified\":\"2024-10-13T14:54:01+00:00\",\"breadcrumb\":{\"@id\":\"https:\\\/\\\/staging.ibex-gin.ch\\\/de\\\/shop\\\/rueckerstattungs-und-rueckgaberecht\\\/#breadcrumb\"},\"inLanguage\":\"de\",\"potentialAction\":[{\"@type\":\"ReadAction\",\"target\":[\"https:\\\/\\\/staging.ibex-gin.ch\\\/de\\\/shop\\\/rueckerstattungs-und-rueckgaberecht\\\/\"]}]},{\"@type\":\"BreadcrumbList\",\"@id\":\"https:\\\/\\\/staging.ibex-gin.ch\\\/de\\\/shop\\\/rueckerstattungs-und-rueckgaberecht\\\/#breadcrumb\",\"itemListElement\":[{\"@type\":\"ListItem\",\"position\":1,\"name\":\"Accueil\",\"item\":\"https:\\\/\\\/staging.ibex-gin.ch\\\/de\\\/\"},{\"@type\":\"ListItem\",\"position\":2,\"name\":\"Shop\",\"item\":\"https:\\\/\\\/staging.ibex-gin.ch\\\/de\\\/shop\\\/\"},{\"@type\":\"ListItem\",\"position\":3,\"name\":\"R\u00fcckerstattungs- und R\u00fcckgaberecht\"}]},{\"@type\":\"WebSite\",\"@id\":\"https:\\\/\\\/staging.ibex-gin.ch\\\/de\\\/#website\",\"url\":\"https:\\\/\\\/staging.ibex-gin.ch\\\/de\\\/\",\"name\":\"Ibex Gin\",\"description\":\"\",\"publisher\":{\"@id\":\"https:\\\/\\\/staging.ibex-gin.ch\\\/de\\\/#organization\"},\"potentialAction\":[{\"@type\":\"SearchAction\",\"target\":{\"@type\":\"EntryPoint\",\"urlTemplate\":\"https:\\\/\\\/staging.ibex-gin.ch\\\/de\\\/?s={search_term_string}\"},\"query-input\":{\"@type\":\"PropertyValueSpecification\",\"valueRequired\":true,\"valueName\":\"search_term_string\"}}],\"inLanguage\":\"de\"},{\"@type\":\"Organization\",\"@id\":\"https:\\\/\\\/staging.ibex-gin.ch\\\/de\\\/#organization\",\"name\":\"Ibex Gin\",\"url\":\"https:\\\/\\\/staging.ibex-gin.ch\\\/de\\\/\",\"logo\":{\"@type\":\"ImageObject\",\"inLanguage\":\"de\",\"@id\":\"https:\\\/\\\/staging.ibex-gin.ch\\\/de\\\/#\\\/schema\\\/logo\\\/image\\\/\",\"url\":\"https:\\\/\\\/staging.ibex-gin.ch\\\/wp-content\\\/uploads\\\/2022\\\/01\\\/cropped-Ibex_Logo_2021-2.png\",\"contentUrl\":\"https:\\\/\\\/staging.ibex-gin.ch\\\/wp-content\\\/uploads\\\/2022\\\/01\\\/cropped-Ibex_Logo_2021-2.png\",\"width\":1583,\"height\":1181,\"caption\":\"Ibex Gin\"},\"image\":{\"@id\":\"https:\\\/\\\/staging.ibex-gin.ch\\\/de\\\/#\\\/schema\\\/logo\\\/image\\\/\"},\"sameAs\":[\"https:\\\/\\\/www.facebook.com\\\/Ibex.gin\",\"https:\\\/\\\/www.instagram.com\\\/ibex.gin\\\/\"]}]}<\/script>\n<!-- \/ Yoast SEO Premium plugin. -->","yoast_head_json":{"title":"R\u00fcckerstattungs- und R\u00fcckgaberecht - Ibex Gin","robots":{"index":"noindex","follow":"follow","max-snippet":"max-snippet:-1","max-image-preview":"max-image-preview:large","max-video-preview":"max-video-preview:-1"},"og_locale":"de_DE","og_type":"article","og_title":"R\u00fcckerstattungs- und R\u00fcckgaberecht","og_description":"1. Geltungsbereich Die allgemeinen Verkaufsbedingungen sollen die Beziehung zwischen Ibex Gin SNC und dem Internetnutzer regeln, der im Folgenden vom Kunden bezeichnet wird. Die im Folgenden verwendete m\u00e4nnliche Form \u201eKunde\u201c bezeichnet naturgem\u00e4\u00df sowohl Auftraggeber als auch Auftraggeber. Das Absenden der Bestellung des Kunden impliziert die Annahme dieser Allgemeinen Verkaufsbedingungen in ihrer Gesamtheit, unter Ausschluss aller [&hellip;]","og_url":"https:\/\/staging.ibex-gin.ch\/de\/shop\/rueckerstattungs-und-rueckgaberecht\/","og_site_name":"Ibex Gin","article_publisher":"https:\/\/www.facebook.com\/Ibex.gin","article_modified_time":"2024-10-13T14:54:01+00:00","twitter_card":"summary_large_image","twitter_misc":{"Gesch\u00e4tzte Lesezeit":"4\u00a0Minuten"},"schema":{"@context":"https:\/\/schema.org","@graph":[{"@type":"WebPage","@id":"https:\/\/staging.ibex-gin.ch\/de\/shop\/rueckerstattungs-und-rueckgaberecht\/","url":"https:\/\/staging.ibex-gin.ch\/de\/shop\/rueckerstattungs-und-rueckgaberecht\/","name":"R\u00fcckerstattungs- und R\u00fcckgaberecht - Ibex Gin","isPartOf":{"@id":"https:\/\/staging.ibex-gin.ch\/de\/#website"},"datePublished":"2022-02-05T13:38:22+00:00","dateModified":"2024-10-13T14:54:01+00:00","breadcrumb":{"@id":"https:\/\/staging.ibex-gin.ch\/de\/shop\/rueckerstattungs-und-rueckgaberecht\/#breadcrumb"},"inLanguage":"de","potentialAction":[{"@type":"ReadAction","target":["https:\/\/staging.ibex-gin.ch\/de\/shop\/rueckerstattungs-und-rueckgaberecht\/"]}]},{"@type":"BreadcrumbList","@id":"https:\/\/staging.ibex-gin.ch\/de\/shop\/rueckerstattungs-und-rueckgaberecht\/#breadcrumb","itemListElement":[{"@type":"ListItem","position":1,"name":"Accueil","item":"https:\/\/staging.ibex-gin.ch\/de\/"},{"@type":"ListItem","position":2,"name":"Shop","item":"https:\/\/staging.ibex-gin.ch\/de\/shop\/"},{"@type":"ListItem","position":3,"name":"R\u00fcckerstattungs- und R\u00fcckgaberecht"}]},{"@type":"WebSite","@id":"https:\/\/staging.ibex-gin.ch\/de\/#website","url":"https:\/\/staging.ibex-gin.ch\/de\/","name":"Ibex Gin","description":"","publisher":{"@id":"https:\/\/staging.ibex-gin.ch\/de\/#organization"},"potentialAction":[{"@type":"SearchAction","target":{"@type":"EntryPoint","urlTemplate":"https:\/\/staging.ibex-gin.ch\/de\/?s={search_term_string}"},"query-input":{"@type":"PropertyValueSpecification","valueRequired":true,"valueName":"search_term_string"}}],"inLanguage":"de"},{"@type":"Organization","@id":"https:\/\/staging.ibex-gin.ch\/de\/#organization","name":"Ibex Gin","url":"https:\/\/staging.ibex-gin.ch\/de\/","logo":{"@type":"ImageObject","inLanguage":"de","@id":"https:\/\/staging.ibex-gin.ch\/de\/#\/schema\/logo\/image\/","url":"https:\/\/staging.ibex-gin.ch\/wp-content\/uploads\/2022\/01\/cropped-Ibex_Logo_2021-2.png","contentUrl":"https:\/\/staging.ibex-gin.ch\/wp-content\/uploads\/2022\/01\/cropped-Ibex_Logo_2021-2.png","width":1583,"height":1181,"caption":"Ibex Gin"},"image":{"@id":"https:\/\/staging.ibex-gin.ch\/de\/#\/schema\/logo\/image\/"},"sameAs":["https:\/\/www.facebook.com\/Ibex.gin","https:\/\/www.instagram.com\/ibex.gin\/"]}]}},"_links":{"self":[{"href":"https:\/\/staging.ibex-gin.ch\/de\/wp-json\/wp\/v2\/pages\/29338","targetHints":{"allow":["GET"]}}],"collection":[{"href":"https:\/\/staging.ibex-gin.ch\/de\/wp-json\/wp\/v2\/pages"}],"about":[{"href":"https:\/\/staging.ibex-gin.ch\/de\/wp-json\/wp\/v2\/types\/page"}],"author":[{"embeddable":true,"href":"https:\/\/staging.ibex-gin.ch\/de\/wp-json\/wp\/v2\/users\/1"}],"replies":[{"embeddable":true,"href":"https:\/\/staging.ibex-gin.ch\/de\/wp-json\/wp\/v2\/comments?post=29338"}],"version-history":[{"count":2,"href":"https:\/\/staging.ibex-gin.ch\/de\/wp-json\/wp\/v2\/pages\/29338\/revisions"}],"predecessor-version":[{"id":29594,"href":"https:\/\/staging.ibex-gin.ch\/de\/wp-json\/wp\/v2\/pages\/29338\/revisions\/29594"}],"up":[{"embeddable":true,"href":"https:\/\/staging.ibex-gin.ch\/de\/wp-json\/wp\/v2\/pages\/29100"}],"wp:attachment":[{"href":"https:\/\/staging.ibex-gin.ch\/de\/wp-json\/wp\/v2\/media?parent=29338"}],"curies":[{"name":"wp","href":"https:\/\/api.w.org\/{rel}","templated":true}]}}