{"id":29335,"date":"2022-02-01T18:37:12","date_gmt":"2022-02-01T17:37:12","guid":{"rendered":"https:\/\/ibex-gin.ch\/unsere-rezepte\/"},"modified":"2024-10-14T14:15:25","modified_gmt":"2024-10-14T12:15:25","slug":"unsere-rezepte","status":"publish","type":"page","link":"https:\/\/staging.ibex-gin.ch\/de\/unsere-rezepte\/","title":{"rendered":"Unsere Rezepte"},"content":{"rendered":"\n<p>Entdecken Sie unsere exklusiven Rezepte, die mit den Produkten von Ibex kreiert wurden und in denen jeder Lik\u00f6r und Gin seinen einzigartigen Geschmack entfaltet. Ob Sie sich f\u00fcr einen s\u00e4uerlichen Cocktail mit <strong>Limoncello <\/strong>oder ein fruchtiges Dessert mit <strong>Mandarinello<\/strong> entscheiden, unsere Rezepte versprechen Ihnen authentische Geschmackserlebnisse. <\/p>\n\n<p>F\u00fcr Gin-Liebhaber: Lassen Sie sich von der aromatischen Kraft des <strong>Ibex Gin Red Chilli Edition<\/strong> \u00fcberraschen, der sich perfekt f\u00fcr w\u00fcrzige Cocktails eignet, die die Sinne erw\u00e4rmen, oder genie\u00dfen Sie die pure Eleganz des <strong>Ibex Gin Classic Edition<\/strong> in klassischen oder modernen Kreationen. Jedes Rezept unterstreicht die Qualit\u00e4t unserer handwerklich hergestellten Spirituosen, die entwickelt wurden, um Ihre Verkostungsmomente zu bereichern. <\/p>\n\n<div class=\"wp-block-media-text has-media-on-the-right is-stacked-on-mobile\"><div class=\"wp-block-media-text__content\">\n<h2 class=\"wp-block-heading\" id=\"h-mandagin-tonic\"><strong>MandaGin Tonikum<\/strong><\/h2>\n\n\n\n<p><strong>Zutaten<\/strong><\/p>\n\n\n\n<ul class=\"wp-block-list\">\n<li>4 cl Ibex Gin Red Chili Edition<\/li>\n\n\n\n<li>8 cl Tonic Water<\/li>\n\n\n\n<li>0,5 cl Mandarinensaft<\/li>\n\n\n\n<li>2 Mandarinenscheiben<\/li>\n\n\n\n<li>2 oder 3 Eisw\u00fcrfel<\/li>\n<\/ul>\n\n\n\n<p><strong>Pfad zu folgen:<\/strong><\/p>\n\n\n\n<ul class=\"wp-block-list\">\n<li>Eisw\u00fcrfel, Gin, Mandarinensaft in ein Glas geben.<\/li>\n\n\n\n<li>F\u00fcgen Sie das Tonikum hinzu.<\/li>\n\n\n\n<li>8-10 Sekunden mit einem R\u00fchrl\u00f6ffel umr\u00fchren.<\/li>\n\n\n\n<li>Legen Sie die Mandarinenscheibe in das Glas. Sofort servieren.<\/li>\n<\/ul>\n<\/div><figure class=\"wp-block-media-text__media\"><img data-recalc-dims=\"1\" loading=\"lazy\" decoding=\"async\" width=\"980\" height=\"980\" src=\"https:\/\/i0.wp.com\/staging.ibex-gin.ch\/wp-content\/uploads\/2021\/12\/Gin-Tonic-with-mandarine-scaled-e1643229196907-1024x1024.jpg?resize=980%2C980&#038;ssl=1\" alt=\"\" class=\"wp-image-28912 size-full\" srcset=\"https:\/\/i0.wp.com\/staging.ibex-gin.ch\/wp-content\/uploads\/2021\/12\/Gin-Tonic-with-mandarine-scaled-e1643229196907.jpg?resize=1024%2C1024&amp;ssl=1 1024w, https:\/\/i0.wp.com\/staging.ibex-gin.ch\/wp-content\/uploads\/2021\/12\/Gin-Tonic-with-mandarine-scaled-e1643229196907.jpg?resize=324%2C324&amp;ssl=1 324w, https:\/\/i0.wp.com\/staging.ibex-gin.ch\/wp-content\/uploads\/2021\/12\/Gin-Tonic-with-mandarine-scaled-e1643229196907.jpg?resize=100%2C100&amp;ssl=1 100w, https:\/\/i0.wp.com\/staging.ibex-gin.ch\/wp-content\/uploads\/2021\/12\/Gin-Tonic-with-mandarine-scaled-e1643229196907.jpg?resize=416%2C416&amp;ssl=1 416w, https:\/\/i0.wp.com\/staging.ibex-gin.ch\/wp-content\/uploads\/2021\/12\/Gin-Tonic-with-mandarine-scaled-e1643229196907.jpg?resize=300%2C300&amp;ssl=1 300w, https:\/\/i0.wp.com\/staging.ibex-gin.ch\/wp-content\/uploads\/2021\/12\/Gin-Tonic-with-mandarine-scaled-e1643229196907.jpg?resize=150%2C150&amp;ssl=1 150w, https:\/\/i0.wp.com\/staging.ibex-gin.ch\/wp-content\/uploads\/2021\/12\/Gin-Tonic-with-mandarine-scaled-e1643229196907.jpg?resize=768%2C768&amp;ssl=1 768w, https:\/\/i0.wp.com\/staging.ibex-gin.ch\/wp-content\/uploads\/2021\/12\/Gin-Tonic-with-mandarine-scaled-e1643229196907.jpg?resize=1536%2C1536&amp;ssl=1 1536w, https:\/\/i0.wp.com\/staging.ibex-gin.ch\/wp-content\/uploads\/2021\/12\/Gin-Tonic-with-mandarine-scaled-e1643229196907.jpg?resize=1080%2C1080&amp;ssl=1 1080w, https:\/\/i0.wp.com\/staging.ibex-gin.ch\/wp-content\/uploads\/2021\/12\/Gin-Tonic-with-mandarine-scaled-e1643229196907.jpg?resize=1320%2C1320&amp;ssl=1 1320w, https:\/\/i0.wp.com\/staging.ibex-gin.ch\/wp-content\/uploads\/2021\/12\/Gin-Tonic-with-mandarine-scaled-e1643229196907.jpg?w=1612&amp;ssl=1 1612w\" sizes=\"auto, (max-width: 980px) 100vw, 980px\" \/><\/figure><\/div>\n\n<div class=\"wp-block-media-text is-stacked-on-mobile\"><figure class=\"wp-block-media-text__media\"><img data-recalc-dims=\"1\" loading=\"lazy\" decoding=\"async\" width=\"977\" height=\"1024\" src=\"https:\/\/i0.wp.com\/staging.ibex-gin.ch\/wp-content\/uploads\/2024\/10\/WhatsApp-Image-2024-10-13-at-17.05.01.jpeg?resize=977%2C1024&#038;ssl=1\" alt=\"\" class=\"wp-image-29629 size-full\" srcset=\"https:\/\/i0.wp.com\/staging.ibex-gin.ch\/wp-content\/uploads\/2024\/10\/WhatsApp-Image-2024-10-13-at-17.05.01.jpeg?resize=977%2C1024&amp;ssl=1 977w, https:\/\/i0.wp.com\/staging.ibex-gin.ch\/wp-content\/uploads\/2024\/10\/WhatsApp-Image-2024-10-13-at-17.05.01.jpeg?resize=286%2C300&amp;ssl=1 286w, https:\/\/i0.wp.com\/staging.ibex-gin.ch\/wp-content\/uploads\/2024\/10\/WhatsApp-Image-2024-10-13-at-17.05.01.jpeg?resize=768%2C805&amp;ssl=1 768w, https:\/\/i0.wp.com\/staging.ibex-gin.ch\/wp-content\/uploads\/2024\/10\/WhatsApp-Image-2024-10-13-at-17.05.01.jpeg?resize=1465%2C1536&amp;ssl=1 1465w, https:\/\/i0.wp.com\/staging.ibex-gin.ch\/wp-content\/uploads\/2024\/10\/WhatsApp-Image-2024-10-13-at-17.05.01.jpeg?resize=1320%2C1384&amp;ssl=1 1320w, https:\/\/i0.wp.com\/staging.ibex-gin.ch\/wp-content\/uploads\/2024\/10\/WhatsApp-Image-2024-10-13-at-17.05.01.jpeg?resize=324%2C340&amp;ssl=1 324w, https:\/\/i0.wp.com\/staging.ibex-gin.ch\/wp-content\/uploads\/2024\/10\/WhatsApp-Image-2024-10-13-at-17.05.01.jpeg?resize=416%2C436&amp;ssl=1 416w, https:\/\/i0.wp.com\/staging.ibex-gin.ch\/wp-content\/uploads\/2024\/10\/WhatsApp-Image-2024-10-13-at-17.05.01.jpeg?w=1526&amp;ssl=1 1526w\" sizes=\"auto, (max-width: 977px) 100vw, 977px\" \/><\/figure><div class=\"wp-block-media-text__content\">\n<h2 class=\"wp-block-heading\" id=\"h-basil-smash\"><strong>Basil Smash<\/strong><\/h2>\n\n\n\n<p><strong>Zutaten<\/strong><\/p>\n\n\n\n<ul class=\"wp-block-list\">\n<li>5 cl IBEX Classic<\/li>\n\n\n\n<li>2 cl IBEX Limoncello  <\/li>\n\n\n\n<li>2 cl Limette<\/li>\n\n\n\n<li>1 cl Zuckersirup<\/li>\n\n\n\n<li>10 Bl\u00e4tter frisches Basilikum<\/li>\n<\/ul>\n\n\n\n<p><strong>Pfad zu folgen:<\/strong><\/p>\n\n\n\n<ul class=\"wp-block-list\">\n<li>F\u00fcllen Sie den Shaker zur H\u00e4lfte mit Eisw\u00fcrfeln.<\/li>\n\n\n\n<li>Geben Sie alle Zutaten hinein und sch\u00fctteln Sie sie.  <\/li>\n\n\n\n<li>In das Glas gie\u00dfen und mit einem sch\u00f6nen Basilikumblatt garnieren.<\/li>\n<\/ul>\n<\/div><\/div>\n\n<div class=\"wp-block-media-text has-media-on-the-right is-stacked-on-mobile\"><div class=\"wp-block-media-text__content\">\n<h2 class=\"wp-block-heading\" id=\"h-margherita-peps\"><strong>Margherita Peps<\/strong><\/h2>\n\n\n\n<p><strong>Zutaten<\/strong><\/p>\n\n\n\n<ul class=\"wp-block-list\">\n<li>4 cl IBEX Rotwein<\/li>\n\n\n\n<li>2 cl Cointreau<\/li>\n\n\n\n<li>2cl Zitrone<\/li>\n\n\n\n<li>1cl Rohrzucker-Sirup<\/li>\n<\/ul>\n\n\n\n<p><strong>Pfad zu folgen:<\/strong><\/p>\n\n\n\n<ul class=\"wp-block-list\">\n<li>Salzen und pfeffern Sie den Rand des Glases.<\/li>\n\n\n\n<li>F\u00fcllen Sie den Shaker zur H\u00e4lfte mit Eisw\u00fcrfeln.<\/li>\n\n\n\n<li>Geben Sie alle Zutaten hinein und sch\u00fctteln Sie sie.<\/li>\n\n\n\n<li>In das Glas gie\u00dfen<\/li>\n<\/ul>\n<\/div><figure class=\"wp-block-media-text__media\"><img data-recalc-dims=\"1\" loading=\"lazy\" decoding=\"async\" width=\"969\" height=\"1024\" src=\"https:\/\/i0.wp.com\/staging.ibex-gin.ch\/wp-content\/uploads\/2024\/10\/WhatsApp-Image-2024-10-13-at-16.12.48.jpeg?resize=969%2C1024&#038;ssl=1\" alt=\"\" class=\"wp-image-29632 size-full\" srcset=\"https:\/\/i0.wp.com\/staging.ibex-gin.ch\/wp-content\/uploads\/2024\/10\/WhatsApp-Image-2024-10-13-at-16.12.48.jpeg?resize=969%2C1024&amp;ssl=1 969w, https:\/\/i0.wp.com\/staging.ibex-gin.ch\/wp-content\/uploads\/2024\/10\/WhatsApp-Image-2024-10-13-at-16.12.48.jpeg?resize=284%2C300&amp;ssl=1 284w, https:\/\/i0.wp.com\/staging.ibex-gin.ch\/wp-content\/uploads\/2024\/10\/WhatsApp-Image-2024-10-13-at-16.12.48.jpeg?resize=768%2C812&amp;ssl=1 768w, https:\/\/i0.wp.com\/staging.ibex-gin.ch\/wp-content\/uploads\/2024\/10\/WhatsApp-Image-2024-10-13-at-16.12.48.jpeg?resize=1453%2C1536&amp;ssl=1 1453w, https:\/\/i0.wp.com\/staging.ibex-gin.ch\/wp-content\/uploads\/2024\/10\/WhatsApp-Image-2024-10-13-at-16.12.48.jpeg?resize=1320%2C1395&amp;ssl=1 1320w, https:\/\/i0.wp.com\/staging.ibex-gin.ch\/wp-content\/uploads\/2024\/10\/WhatsApp-Image-2024-10-13-at-16.12.48.jpeg?resize=324%2C342&amp;ssl=1 324w, https:\/\/i0.wp.com\/staging.ibex-gin.ch\/wp-content\/uploads\/2024\/10\/WhatsApp-Image-2024-10-13-at-16.12.48.jpeg?resize=416%2C440&amp;ssl=1 416w, https:\/\/i0.wp.com\/staging.ibex-gin.ch\/wp-content\/uploads\/2024\/10\/WhatsApp-Image-2024-10-13-at-16.12.48.jpeg?w=1514&amp;ssl=1 1514w\" sizes=\"auto, (max-width: 969px) 100vw, 969px\" \/><\/figure><\/div>\n\n<div class=\"wp-block-media-text is-stacked-on-mobile\"><figure class=\"wp-block-media-text__media\"><img data-recalc-dims=\"1\" loading=\"lazy\" decoding=\"async\" width=\"819\" height=\"1024\" src=\"https:\/\/i0.wp.com\/staging.ibex-gin.ch\/wp-content\/uploads\/2022\/02\/Gin-Bloody-Marry.jpg?resize=819%2C1024&#038;ssl=1\" alt=\"\" class=\"wp-image-29013 size-full\" srcset=\"https:\/\/i0.wp.com\/staging.ibex-gin.ch\/wp-content\/uploads\/2022\/02\/Gin-Bloody-Marry-scaled.jpg?resize=819%2C1024&amp;ssl=1 819w, https:\/\/i0.wp.com\/staging.ibex-gin.ch\/wp-content\/uploads\/2022\/02\/Gin-Bloody-Marry-scaled.jpg?resize=240%2C300&amp;ssl=1 240w, https:\/\/i0.wp.com\/staging.ibex-gin.ch\/wp-content\/uploads\/2022\/02\/Gin-Bloody-Marry-scaled.jpg?resize=768%2C960&amp;ssl=1 768w, https:\/\/i0.wp.com\/staging.ibex-gin.ch\/wp-content\/uploads\/2022\/02\/Gin-Bloody-Marry-scaled.jpg?resize=1229%2C1536&amp;ssl=1 1229w, https:\/\/i0.wp.com\/staging.ibex-gin.ch\/wp-content\/uploads\/2022\/02\/Gin-Bloody-Marry-scaled.jpg?resize=1638%2C2048&amp;ssl=1 1638w, https:\/\/i0.wp.com\/staging.ibex-gin.ch\/wp-content\/uploads\/2022\/02\/Gin-Bloody-Marry-scaled.jpg?resize=1320%2C1650&amp;ssl=1 1320w, https:\/\/i0.wp.com\/staging.ibex-gin.ch\/wp-content\/uploads\/2022\/02\/Gin-Bloody-Marry-scaled.jpg?resize=324%2C405&amp;ssl=1 324w, https:\/\/i0.wp.com\/staging.ibex-gin.ch\/wp-content\/uploads\/2022\/02\/Gin-Bloody-Marry-scaled.jpg?resize=416%2C520&amp;ssl=1 416w, https:\/\/i0.wp.com\/staging.ibex-gin.ch\/wp-content\/uploads\/2022\/02\/Gin-Bloody-Marry-scaled.jpg?w=2048&amp;ssl=1 2048w, https:\/\/i0.wp.com\/staging.ibex-gin.ch\/wp-content\/uploads\/2022\/02\/Gin-Bloody-Marry-scaled.jpg?w=1960&amp;ssl=1 1960w\" sizes=\"auto, (max-width: 819px) 100vw, 819px\" \/><\/figure><div class=\"wp-block-media-text__content\">\n<h2 class=\"wp-block-heading\" id=\"h-red-snapper\"><strong>Roter Schnappfisch<\/strong><\/h2>\n\n\n\n<p><strong>Zutaten<\/strong><\/p>\n\n\n\n<ul class=\"wp-block-list\">\n<li>4 cl Ibex Gin Red Chili Edition<\/li>\n\n\n\n<li>12 cl Tomatensaft<\/li>\n\n\n\n<li>0,5 cl Worcestersauce<\/li>\n\n\n\n<li>1 Prise Selleriesalz<\/li>\n\n\n\n<li>1 Prise schwarzer Pfeffer<\/li>\n\n\n\n<li>1 kleines St\u00fcck Selleriestange<\/li>\n\n\n\n<li>4 oder 5 Eisw\u00fcrfel<\/li>\n<\/ul>\n\n\n\n<p><strong>Pfad zu folgen:<\/strong><\/p>\n\n\n\n<ul class=\"wp-block-list\">\n<li>Eisw\u00fcrfel und alle Zutaten, bis auf die Stangensellerie, in ein Glas geben.<\/li>\n\n\n\n<li>R\u00fchren Sie mit einem R\u00fchrl\u00f6ffel 8 bis 10 Sekunden lang um.<\/li>\n\n\n\n<li>Sp\u00fclen Sie den Zweig ab und legen Sie ihn dann in das Glas<\/li>\n\n\n\n<li>Geben Sie den Inhalt des Shakers in das Glas.<\/li>\n\n\n\n<li>Sofort servieren.<\/li>\n<\/ul>\n<\/div><\/div>\n\n<div class=\"wp-block-media-text has-media-on-the-right is-stacked-on-mobile\"><div class=\"wp-block-media-text__content\">\n<h2 class=\"wp-block-heading\" id=\"h-london-mule\"><strong>London Mule  <\/strong><\/h2>\n\n\n\n<p><strong>Zutaten<\/strong><\/p>\n\n\n\n<ul class=\"wp-block-list\">\n<li>4 cl Ibex Gin Red Chili Edition<\/li>\n\n\n\n<li>12 cl Ingwerbier<\/li>\n\n\n\n<li>1 cl frischer Limettensaft<\/li>\n\n\n\n<li>2 Scheiben Zitrone<\/li>\n\n\n\n<li>4 oder 5 Eisw\u00fcrfel<\/li>\n<\/ul>\n\n\n\n<p><strong>Pfad zu folgen:<\/strong><\/p>\n\n\n\n<ul class=\"wp-block-list\">\n<li>Eisw\u00fcrfel, Gin, Limettensaft in ein Glas geben.<\/li>\n\n\n\n<li>Gib das Ingwerbier hinzu.<\/li>\n\n\n\n<li>8-10 Sekunden mit einem R\u00fchrl\u00f6ffel umr\u00fchren.<\/li>\n\n\n\n<li>Legen Sie die Zitronenscheibe in das Glas. Sofort servieren.<\/li>\n<\/ul>\n<\/div><figure class=\"wp-block-media-text__media\"><img data-recalc-dims=\"1\" loading=\"lazy\" decoding=\"async\" width=\"819\" height=\"1024\" src=\"https:\/\/i0.wp.com\/staging.ibex-gin.ch\/wp-content\/uploads\/2022\/02\/Gin-Moscow-Mule-2.jpg?resize=819%2C1024&#038;ssl=1\" alt=\"\" class=\"wp-image-29007 size-full\" srcset=\"https:\/\/i0.wp.com\/staging.ibex-gin.ch\/wp-content\/uploads\/2022\/02\/Gin-Moscow-Mule-2-scaled.jpg?resize=819%2C1024&amp;ssl=1 819w, https:\/\/i0.wp.com\/staging.ibex-gin.ch\/wp-content\/uploads\/2022\/02\/Gin-Moscow-Mule-2-scaled.jpg?resize=240%2C300&amp;ssl=1 240w, https:\/\/i0.wp.com\/staging.ibex-gin.ch\/wp-content\/uploads\/2022\/02\/Gin-Moscow-Mule-2-scaled.jpg?resize=768%2C960&amp;ssl=1 768w, https:\/\/i0.wp.com\/staging.ibex-gin.ch\/wp-content\/uploads\/2022\/02\/Gin-Moscow-Mule-2-scaled.jpg?resize=1229%2C1536&amp;ssl=1 1229w, https:\/\/i0.wp.com\/staging.ibex-gin.ch\/wp-content\/uploads\/2022\/02\/Gin-Moscow-Mule-2-scaled.jpg?resize=1638%2C2048&amp;ssl=1 1638w, https:\/\/i0.wp.com\/staging.ibex-gin.ch\/wp-content\/uploads\/2022\/02\/Gin-Moscow-Mule-2-scaled.jpg?resize=1320%2C1650&amp;ssl=1 1320w, https:\/\/i0.wp.com\/staging.ibex-gin.ch\/wp-content\/uploads\/2022\/02\/Gin-Moscow-Mule-2-scaled.jpg?resize=324%2C405&amp;ssl=1 324w, https:\/\/i0.wp.com\/staging.ibex-gin.ch\/wp-content\/uploads\/2022\/02\/Gin-Moscow-Mule-2-scaled.jpg?resize=416%2C520&amp;ssl=1 416w, https:\/\/i0.wp.com\/staging.ibex-gin.ch\/wp-content\/uploads\/2022\/02\/Gin-Moscow-Mule-2-scaled.jpg?w=2048&amp;ssl=1 2048w, https:\/\/i0.wp.com\/staging.ibex-gin.ch\/wp-content\/uploads\/2022\/02\/Gin-Moscow-Mule-2-scaled.jpg?w=1960&amp;ssl=1 1960w\" sizes=\"auto, (max-width: 819px) 100vw, 819px\" \/><\/figure><\/div>\n\n<div class=\"wp-block-media-text is-stacked-on-mobile\" style=\"grid-template-columns:40% auto\"><figure class=\"wp-block-media-text__media\"><img data-recalc-dims=\"1\" loading=\"lazy\" decoding=\"async\" width=\"683\" height=\"1024\" src=\"https:\/\/i0.wp.com\/staging.ibex-gin.ch\/wp-content\/uploads\/2022\/02\/Hugo-gin-full-quality.jpg?resize=683%2C1024&#038;ssl=1\" alt=\"\" class=\"wp-image-29072 size-full\" srcset=\"https:\/\/i0.wp.com\/staging.ibex-gin.ch\/wp-content\/uploads\/2022\/02\/Hugo-gin-full-quality-scaled.jpg?resize=683%2C1024&amp;ssl=1 683w, https:\/\/i0.wp.com\/staging.ibex-gin.ch\/wp-content\/uploads\/2022\/02\/Hugo-gin-full-quality-scaled.jpg?resize=200%2C300&amp;ssl=1 200w, https:\/\/i0.wp.com\/staging.ibex-gin.ch\/wp-content\/uploads\/2022\/02\/Hugo-gin-full-quality-scaled.jpg?resize=768%2C1152&amp;ssl=1 768w, https:\/\/i0.wp.com\/staging.ibex-gin.ch\/wp-content\/uploads\/2022\/02\/Hugo-gin-full-quality-scaled.jpg?resize=1024%2C1536&amp;ssl=1 1024w, https:\/\/i0.wp.com\/staging.ibex-gin.ch\/wp-content\/uploads\/2022\/02\/Hugo-gin-full-quality-scaled.jpg?resize=1365%2C2048&amp;ssl=1 1365w, https:\/\/i0.wp.com\/staging.ibex-gin.ch\/wp-content\/uploads\/2022\/02\/Hugo-gin-full-quality-scaled.jpg?resize=1320%2C1980&amp;ssl=1 1320w, https:\/\/i0.wp.com\/staging.ibex-gin.ch\/wp-content\/uploads\/2022\/02\/Hugo-gin-full-quality-scaled.jpg?resize=324%2C486&amp;ssl=1 324w, https:\/\/i0.wp.com\/staging.ibex-gin.ch\/wp-content\/uploads\/2022\/02\/Hugo-gin-full-quality-scaled.jpg?resize=416%2C624&amp;ssl=1 416w, https:\/\/i0.wp.com\/staging.ibex-gin.ch\/wp-content\/uploads\/2022\/02\/Hugo-gin-full-quality-scaled.jpg?w=1707&amp;ssl=1 1707w\" sizes=\"auto, (max-width: 683px) 100vw, 683px\" \/><\/figure><div class=\"wp-block-media-text__content\">\n<h2 class=\"wp-block-heading\" id=\"h-hugo-revisite\"><strong>Hugo Revisited  <\/strong><\/h2>\n\n\n\n<p><strong>Zutaten<\/strong><\/p>\n\n\n\n<ul class=\"wp-block-list\">\n<li>6 cl Ibex Gin Red Chili Edition<\/li>\n\n\n\n<li>10 cl Sekt<\/li>\n\n\n\n<li>10 cl Wasser mit Kohlens\u00e4ure<\/li>\n\n\n\n<li>3 cl Holundersirup<\/li>\n\n\n\n<li>4 oder 5 Eisw\u00fcrfel<\/li>\n<\/ul>\n\n\n\n<p><strong>Pfad zu folgen:<\/strong><\/p>\n\n\n\n<ul class=\"wp-block-list\">\n<li>Geben Sie die Eisw\u00fcrfel, den Holunderbl\u00fctensirup, das Sodawasser, den Prosecco und den Gin in das Glas.<\/li>\n\n\n\n<li>R\u00fchren Sie mit einem R\u00fchrl\u00f6ffel 8 bis 10 Sekunden lang um.<\/li>\n\n\n\n<li>Sofort servieren.<\/li>\n<\/ul>\n<\/div><\/div>\n\n<p><\/p>\n","protected":false},"excerpt":{"rendered":"<p>Entdecken Sie unsere exklusiven Rezepte, die mit den Produkten von Ibex kreiert wurden und in denen jeder Lik\u00f6r und Gin seinen einzigartigen Geschmack entfaltet. Ob Sie sich f\u00fcr einen s\u00e4uerlichen Cocktail mit Limoncello oder ein fruchtiges Dessert mit Mandarinello entscheiden, unsere Rezepte versprechen Ihnen authentische Geschmackserlebnisse. F\u00fcr Gin-Liebhaber: Lassen Sie sich von der aromatischen Kraft [&hellip;]<\/p>\n","protected":false},"author":1,"featured_media":0,"parent":0,"menu_order":0,"comment_status":"closed","ping_status":"closed","template":"template-fullwidth.php","meta":{"footnotes":""},"class_list":["post-29335","page","type-page","status-publish","hentry"],"yoast_head":"<!-- This site is optimized with the Yoast SEO Premium plugin v27.2 (Yoast SEO v27.4) - https:\/\/yoast.com\/product\/yoast-seo-premium-wordpress\/ -->\n<title>Ein raffinierter Aperitif: Bereiten Sie Ibex Gin Cocktails zu - Ibex Gin%.<\/title>\n<meta name=\"description\" content=\"Entdecken Sie unsere neuesten Rezepte mit Ibex Gin. Entscheiden Sie sich f\u00fcr ein neues Geschmackserlebnis mit Ibex Gin\" \/>\n<meta name=\"robots\" content=\"noindex, follow, max-snippet:-1, max-image-preview:large, max-video-preview:-1\" \/>\n<meta property=\"og:locale\" content=\"de_DE\" \/>\n<meta property=\"og:type\" content=\"article\" \/>\n<meta property=\"og:title\" content=\"Unsere Rezepte\" \/>\n<meta property=\"og:description\" content=\"Entdecken Sie unsere neuesten Rezepte mit Ibex Gin. Entscheiden Sie sich f\u00fcr ein neues Geschmackserlebnis mit Ibex Gin\" \/>\n<meta property=\"og:url\" content=\"https:\/\/staging.ibex-gin.ch\/de\/unsere-rezepte\/\" \/>\n<meta property=\"og:site_name\" content=\"Ibex Gin\" \/>\n<meta property=\"article:publisher\" content=\"https:\/\/www.facebook.com\/Ibex.gin\" \/>\n<meta property=\"article:modified_time\" content=\"2024-10-14T12:15:25+00:00\" \/>\n<meta property=\"og:image\" content=\"https:\/\/staging.ibex-gin.ch\/wp-content\/uploads\/2021\/12\/Gin-Tonic-with-mandarine-scaled-e1643229196907-1024x1024.jpg\" \/>\n<meta name=\"twitter:card\" content=\"summary_large_image\" \/>\n<meta name=\"twitter:label1\" content=\"Gesch\u00e4tzte Lesezeit\" \/>\n\t<meta name=\"twitter:data1\" content=\"2\u00a0Minuten\" \/>\n<script type=\"application\/ld+json\" class=\"yoast-schema-graph\">{\"@context\":\"https:\\\/\\\/schema.org\",\"@graph\":[{\"@type\":\"WebPage\",\"@id\":\"https:\\\/\\\/staging.ibex-gin.ch\\\/de\\\/unsere-rezepte\\\/\",\"url\":\"https:\\\/\\\/staging.ibex-gin.ch\\\/de\\\/unsere-rezepte\\\/\",\"name\":\"Ein raffinierter Aperitif: Bereiten Sie Ibex Gin Cocktails zu - Ibex Gin%.\",\"isPartOf\":{\"@id\":\"https:\\\/\\\/staging.ibex-gin.ch\\\/de\\\/#website\"},\"primaryImageOfPage\":{\"@id\":\"https:\\\/\\\/staging.ibex-gin.ch\\\/de\\\/unsere-rezepte\\\/#primaryimage\"},\"image\":{\"@id\":\"https:\\\/\\\/staging.ibex-gin.ch\\\/de\\\/unsere-rezepte\\\/#primaryimage\"},\"thumbnailUrl\":\"https:\\\/\\\/staging.ibex-gin.ch\\\/wp-content\\\/uploads\\\/2021\\\/12\\\/Gin-Tonic-with-mandarine-scaled-e1643229196907-1024x1024.jpg\",\"datePublished\":\"2022-02-01T17:37:12+00:00\",\"dateModified\":\"2024-10-14T12:15:25+00:00\",\"description\":\"Entdecken Sie unsere neuesten Rezepte mit Ibex Gin. Entscheiden Sie sich f\u00fcr ein neues Geschmackserlebnis mit Ibex Gin\",\"breadcrumb\":{\"@id\":\"https:\\\/\\\/staging.ibex-gin.ch\\\/de\\\/unsere-rezepte\\\/#breadcrumb\"},\"inLanguage\":\"de\",\"potentialAction\":[{\"@type\":\"ReadAction\",\"target\":[\"https:\\\/\\\/staging.ibex-gin.ch\\\/de\\\/unsere-rezepte\\\/\"]}]},{\"@type\":\"ImageObject\",\"inLanguage\":\"de\",\"@id\":\"https:\\\/\\\/staging.ibex-gin.ch\\\/de\\\/unsere-rezepte\\\/#primaryimage\",\"url\":\"https:\\\/\\\/staging.ibex-gin.ch\\\/wp-content\\\/uploads\\\/2021\\\/12\\\/Gin-Tonic-with-mandarine-scaled-e1643229196907-1024x1024.jpg\",\"contentUrl\":\"https:\\\/\\\/staging.ibex-gin.ch\\\/wp-content\\\/uploads\\\/2021\\\/12\\\/Gin-Tonic-with-mandarine-scaled-e1643229196907-1024x1024.jpg\"},{\"@type\":\"BreadcrumbList\",\"@id\":\"https:\\\/\\\/staging.ibex-gin.ch\\\/de\\\/unsere-rezepte\\\/#breadcrumb\",\"itemListElement\":[{\"@type\":\"ListItem\",\"position\":1,\"name\":\"Accueil\",\"item\":\"https:\\\/\\\/staging.ibex-gin.ch\\\/de\\\/\"},{\"@type\":\"ListItem\",\"position\":2,\"name\":\"Unsere Rezepte\"}]},{\"@type\":\"WebSite\",\"@id\":\"https:\\\/\\\/staging.ibex-gin.ch\\\/de\\\/#website\",\"url\":\"https:\\\/\\\/staging.ibex-gin.ch\\\/de\\\/\",\"name\":\"Ibex Gin\",\"description\":\"\",\"publisher\":{\"@id\":\"https:\\\/\\\/staging.ibex-gin.ch\\\/de\\\/#organization\"},\"potentialAction\":[{\"@type\":\"SearchAction\",\"target\":{\"@type\":\"EntryPoint\",\"urlTemplate\":\"https:\\\/\\\/staging.ibex-gin.ch\\\/de\\\/?s={search_term_string}\"},\"query-input\":{\"@type\":\"PropertyValueSpecification\",\"valueRequired\":true,\"valueName\":\"search_term_string\"}}],\"inLanguage\":\"de\"},{\"@type\":\"Organization\",\"@id\":\"https:\\\/\\\/staging.ibex-gin.ch\\\/de\\\/#organization\",\"name\":\"Ibex Gin\",\"url\":\"https:\\\/\\\/staging.ibex-gin.ch\\\/de\\\/\",\"logo\":{\"@type\":\"ImageObject\",\"inLanguage\":\"de\",\"@id\":\"https:\\\/\\\/staging.ibex-gin.ch\\\/de\\\/#\\\/schema\\\/logo\\\/image\\\/\",\"url\":\"https:\\\/\\\/staging.ibex-gin.ch\\\/wp-content\\\/uploads\\\/2022\\\/01\\\/cropped-Ibex_Logo_2021-2.png\",\"contentUrl\":\"https:\\\/\\\/staging.ibex-gin.ch\\\/wp-content\\\/uploads\\\/2022\\\/01\\\/cropped-Ibex_Logo_2021-2.png\",\"width\":1583,\"height\":1181,\"caption\":\"Ibex Gin\"},\"image\":{\"@id\":\"https:\\\/\\\/staging.ibex-gin.ch\\\/de\\\/#\\\/schema\\\/logo\\\/image\\\/\"},\"sameAs\":[\"https:\\\/\\\/www.facebook.com\\\/Ibex.gin\",\"https:\\\/\\\/www.instagram.com\\\/ibex.gin\\\/\"]}]}<\/script>\n<!-- \/ Yoast SEO Premium plugin. -->","yoast_head_json":{"title":"Ein raffinierter Aperitif: Bereiten Sie Ibex Gin Cocktails zu - Ibex Gin%.","description":"Entdecken Sie unsere neuesten Rezepte mit Ibex Gin. Entscheiden Sie sich f\u00fcr ein neues Geschmackserlebnis mit Ibex Gin","robots":{"index":"noindex","follow":"follow","max-snippet":"max-snippet:-1","max-image-preview":"max-image-preview:large","max-video-preview":"max-video-preview:-1"},"og_locale":"de_DE","og_type":"article","og_title":"Unsere Rezepte","og_description":"Entdecken Sie unsere neuesten Rezepte mit Ibex Gin. Entscheiden Sie sich f\u00fcr ein neues Geschmackserlebnis mit Ibex Gin","og_url":"https:\/\/staging.ibex-gin.ch\/de\/unsere-rezepte\/","og_site_name":"Ibex Gin","article_publisher":"https:\/\/www.facebook.com\/Ibex.gin","article_modified_time":"2024-10-14T12:15:25+00:00","og_image":[{"url":"https:\/\/staging.ibex-gin.ch\/wp-content\/uploads\/2021\/12\/Gin-Tonic-with-mandarine-scaled-e1643229196907-1024x1024.jpg","type":"","width":"","height":""}],"twitter_card":"summary_large_image","twitter_misc":{"Gesch\u00e4tzte Lesezeit":"2\u00a0Minuten"},"schema":{"@context":"https:\/\/schema.org","@graph":[{"@type":"WebPage","@id":"https:\/\/staging.ibex-gin.ch\/de\/unsere-rezepte\/","url":"https:\/\/staging.ibex-gin.ch\/de\/unsere-rezepte\/","name":"Ein raffinierter Aperitif: Bereiten Sie Ibex Gin Cocktails zu - Ibex Gin%.","isPartOf":{"@id":"https:\/\/staging.ibex-gin.ch\/de\/#website"},"primaryImageOfPage":{"@id":"https:\/\/staging.ibex-gin.ch\/de\/unsere-rezepte\/#primaryimage"},"image":{"@id":"https:\/\/staging.ibex-gin.ch\/de\/unsere-rezepte\/#primaryimage"},"thumbnailUrl":"https:\/\/staging.ibex-gin.ch\/wp-content\/uploads\/2021\/12\/Gin-Tonic-with-mandarine-scaled-e1643229196907-1024x1024.jpg","datePublished":"2022-02-01T17:37:12+00:00","dateModified":"2024-10-14T12:15:25+00:00","description":"Entdecken Sie unsere neuesten Rezepte mit Ibex Gin. Entscheiden Sie sich f\u00fcr ein neues Geschmackserlebnis mit Ibex Gin","breadcrumb":{"@id":"https:\/\/staging.ibex-gin.ch\/de\/unsere-rezepte\/#breadcrumb"},"inLanguage":"de","potentialAction":[{"@type":"ReadAction","target":["https:\/\/staging.ibex-gin.ch\/de\/unsere-rezepte\/"]}]},{"@type":"ImageObject","inLanguage":"de","@id":"https:\/\/staging.ibex-gin.ch\/de\/unsere-rezepte\/#primaryimage","url":"https:\/\/staging.ibex-gin.ch\/wp-content\/uploads\/2021\/12\/Gin-Tonic-with-mandarine-scaled-e1643229196907-1024x1024.jpg","contentUrl":"https:\/\/staging.ibex-gin.ch\/wp-content\/uploads\/2021\/12\/Gin-Tonic-with-mandarine-scaled-e1643229196907-1024x1024.jpg"},{"@type":"BreadcrumbList","@id":"https:\/\/staging.ibex-gin.ch\/de\/unsere-rezepte\/#breadcrumb","itemListElement":[{"@type":"ListItem","position":1,"name":"Accueil","item":"https:\/\/staging.ibex-gin.ch\/de\/"},{"@type":"ListItem","position":2,"name":"Unsere Rezepte"}]},{"@type":"WebSite","@id":"https:\/\/staging.ibex-gin.ch\/de\/#website","url":"https:\/\/staging.ibex-gin.ch\/de\/","name":"Ibex Gin","description":"","publisher":{"@id":"https:\/\/staging.ibex-gin.ch\/de\/#organization"},"potentialAction":[{"@type":"SearchAction","target":{"@type":"EntryPoint","urlTemplate":"https:\/\/staging.ibex-gin.ch\/de\/?s={search_term_string}"},"query-input":{"@type":"PropertyValueSpecification","valueRequired":true,"valueName":"search_term_string"}}],"inLanguage":"de"},{"@type":"Organization","@id":"https:\/\/staging.ibex-gin.ch\/de\/#organization","name":"Ibex Gin","url":"https:\/\/staging.ibex-gin.ch\/de\/","logo":{"@type":"ImageObject","inLanguage":"de","@id":"https:\/\/staging.ibex-gin.ch\/de\/#\/schema\/logo\/image\/","url":"https:\/\/staging.ibex-gin.ch\/wp-content\/uploads\/2022\/01\/cropped-Ibex_Logo_2021-2.png","contentUrl":"https:\/\/staging.ibex-gin.ch\/wp-content\/uploads\/2022\/01\/cropped-Ibex_Logo_2021-2.png","width":1583,"height":1181,"caption":"Ibex Gin"},"image":{"@id":"https:\/\/staging.ibex-gin.ch\/de\/#\/schema\/logo\/image\/"},"sameAs":["https:\/\/www.facebook.com\/Ibex.gin","https:\/\/www.instagram.com\/ibex.gin\/"]}]}},"_links":{"self":[{"href":"https:\/\/staging.ibex-gin.ch\/de\/wp-json\/wp\/v2\/pages\/29335","targetHints":{"allow":["GET"]}}],"collection":[{"href":"https:\/\/staging.ibex-gin.ch\/de\/wp-json\/wp\/v2\/pages"}],"about":[{"href":"https:\/\/staging.ibex-gin.ch\/de\/wp-json\/wp\/v2\/types\/page"}],"author":[{"embeddable":true,"href":"https:\/\/staging.ibex-gin.ch\/de\/wp-json\/wp\/v2\/users\/1"}],"replies":[{"embeddable":true,"href":"https:\/\/staging.ibex-gin.ch\/de\/wp-json\/wp\/v2\/comments?post=29335"}],"version-history":[{"count":4,"href":"https:\/\/staging.ibex-gin.ch\/de\/wp-json\/wp\/v2\/pages\/29335\/revisions"}],"predecessor-version":[{"id":29636,"href":"https:\/\/staging.ibex-gin.ch\/de\/wp-json\/wp\/v2\/pages\/29335\/revisions\/29636"}],"wp:attachment":[{"href":"https:\/\/staging.ibex-gin.ch\/de\/wp-json\/wp\/v2\/media?parent=29335"}],"curies":[{"name":"wp","href":"https:\/\/api.w.org\/{rel}","templated":true}]}}