{"id":29328,"date":"2022-02-01T18:37:12","date_gmt":"2022-02-01T17:37:12","guid":{"rendered":"https:\/\/ibex-gin.ch\/startseite\/"},"modified":"2024-11-28T16:24:08","modified_gmt":"2024-11-28T15:24:08","slug":"startseite","status":"publish","type":"page","link":"https:\/\/staging.ibex-gin.ch\/de\/","title":{"rendered":"Startseite"},"content":{"rendered":"\n<h2 class=\"wp-block-heading\" id=\"qui-sommes-nous\"><strong>Wer sind wir ? <\/strong><\/h2>\n\n<div class=\"wp-block-columns is-layout-flex wp-container-core-columns-is-layout-81213e5a wp-block-columns-is-layout-flex\" style=\"border-style:none;border-width:0px;margin-top:0;margin-bottom:0\">\n<div class=\"wp-block-column is-layout-flow wp-block-column-is-layout-flow\" style=\"flex-basis:33.33%\">\n<p class=\"has-text-align-left\"><strong>IBEX<\/strong> bedeutet Steinbock und verk\u00f6rpert die Kraft dieses Alpentieres, dem wahren K\u00f6nig der Schweizer Berggipfel. Inspiriert durch das Massiv des Grand Combin, einem der h\u00f6chsten Gipfel der franz\u00f6sischen Schweiz, ist der Ibex der H\u00fcter einer gesch\u00fctzten Natur. <\/p>\n\n\n\n<p>Dieses Symbol steht im Mittelpunkt unserer Bem\u00fchungen, lokale Produkte herzustellen, die die Umwelt respektieren und gleichzeitig ein einzigartiges Geschmackserlebnis bieten. Unsere Flaschen, wie z.B. Ibex Gin, spiegeln diesen alpinen Geist wider, mit einer handwerklichen Produktion, die biologische Produkte und reines Quellwasser verwendet. Jede Flasche ist eine Einladung zum Abenteuer, eine sensorische Reise zu fernen Horizonten, w\u00e4hrend wir gleichzeitig in unserem Land verwurzelt bleiben.  <\/p>\n\n\n\n<p>Wenn Sie sich f\u00fcr IBEX entscheiden, entscheiden Sie sich f\u00fcr die Kraft der Natur, den Respekt f\u00fcr das lokale Handwerk und einen authentischen Geschmack, der den Unterschied ausmacht.<\/p>\n<\/div>\n\n\n\n<div class=\"wp-block-column is-layout-flow wp-block-column-is-layout-flow\" style=\"flex-basis:66.67%\">\n<figure class=\"wp-block-jetpack-image-compare\"><div class=\"juxtapose\" data-mode=\"horizontal\"><img loading=\"lazy\" decoding=\"async\" id=\"29448\" src=\"https:\/\/i2.wp.com\/ibex-gin.ch\/wp-content\/uploads\/2023\/01\/IMG_4223-scaled.jpg?ssl=1\" alt=\"\" width=\"2048\" height=\"2560\" class=\"image-compare__image-before\"><img loading=\"lazy\" decoding=\"async\" id=\"29441\" src=\"https:\/\/i0.wp.com\/ibex-gin.ch\/wp-content\/uploads\/2023\/01\/IMG_4221-scaled.jpg?ssl=1\" alt=\"\" width=\"2048\" height=\"2560\" class=\"image-compare__image-after\"><\/div><\/figure>\n<\/div>\n<\/div>\n\n<hr class=\"wp-block-separator has-css-opacity is-style-wide\" style=\"margin-top:var(--wp--preset--spacing--60);margin-bottom:var(--wp--preset--spacing--60)\"\/>\n\n<figure class=\"wp-block-video\"><video controls=\"\" src=\"https:\/\/staging.ibex-gin.ch\/wp-content\/uploads\/2024\/10\/YouTube.mp4\"><\/video><\/figure>\n\n<hr class=\"wp-block-separator has-css-opacity\"\/>\n\n<h2 class=\"wp-block-heading\" id=\"suivez-nous-sur-instagram\">Folge uns auf Instagram!<\/h2>\n\n<div id=\"sb_instagram\"  class=\"sbi sbi_mob_col_1 sbi_tab_col_2 sbi_col_3\" style=\"padding-bottom: 10px; width: 100%;\"\t data-feedid=\"sbi_17841449323074920#3\"  data-res=\"auto\" data-cols=\"3\" data-colsmobile=\"1\" data-colstablet=\"2\" data-num=\"3\" data-nummobile=\"\" data-item-padding=\"5\"\t data-shortcode-atts=\"{&quot;showbio&quot;:&quot;false&quot;}\"  data-postid=\"29328\" data-locatornonce=\"c461b2788e\" data-imageaspectratio=\"1:1\" data-sbi-flags=\"favorLocal\">\n\t\n\t<div id=\"sbi_images\"  style=\"gap: 10px;\">\n\t\t\t<\/div>\n\n\t<div id=\"sbi_load\" >\n\n\t\n\t\t\t<span class=\"sbi_follow_btn\" >\n\t\t\t<a target=\"_blank\"\n\t\t\t\trel=\"nofollow noopener\"  href=\"https:\/\/www.instagram.com\/ibex.gin\/\">\n\t\t\t\t<svg class=\"svg-inline--fa fa-instagram fa-w-14\" aria-hidden=\"true\" data-fa-processed=\"\" aria-label=\"Instagram\" data-prefix=\"fab\" data-icon=\"instagram\" role=\"img\" viewBox=\"0 0 448 512\">\n                    <path fill=\"currentColor\" d=\"M224.1 141c-63.6 0-114.9 51.3-114.9 114.9s51.3 114.9 114.9 114.9S339 319.5 339 255.9 287.7 141 224.1 141zm0 189.6c-41.1 0-74.7-33.5-74.7-74.7s33.5-74.7 74.7-74.7 74.7 33.5 74.7 74.7-33.6 74.7-74.7 74.7zm146.4-194.3c0 14.9-12 26.8-26.8 26.8-14.9 0-26.8-12-26.8-26.8s12-26.8 26.8-26.8 26.8 12 26.8 26.8zm76.1 27.2c-1.7-35.9-9.9-67.7-36.2-93.9-26.2-26.2-58-34.4-93.9-36.2-37-2.1-147.9-2.1-184.9 0-35.8 1.7-67.6 9.9-93.9 36.1s-34.4 58-36.2 93.9c-2.1 37-2.1 147.9 0 184.9 1.7 35.9 9.9 67.7 36.2 93.9s58 34.4 93.9 36.2c37 2.1 147.9 2.1 184.9 0 35.9-1.7 67.7-9.9 93.9-36.2 26.2-26.2 34.4-58 36.2-93.9 2.1-37 2.1-147.8 0-184.8zM398.8 388c-7.8 19.6-22.9 34.7-42.6 42.6-29.5 11.7-99.5 9-132.1 9s-102.7 2.6-132.1-9c-19.6-7.8-34.7-22.9-42.6-42.6-11.7-29.5-9-99.5-9-132.1s-2.6-102.7 9-132.1c7.8-19.6 22.9-34.7 42.6-42.6 29.5-11.7 99.5-9 132.1-9s102.7-2.6 132.1 9c19.6 7.8 34.7 22.9 42.6 42.6 11.7 29.5 9 99.5 9 132.1s2.7 102.7-9 132.1z\"><\/path>\n                <\/svg>\t\t\t\t<span>Suivre sur Instagram<\/span>\n\t\t\t<\/a>\n\t\t<\/span>\n\t\n<\/div>\n\t\t<span class=\"sbi_resized_image_data\" data-feed-id=\"sbi_17841449323074920#3\"\n\t\t  data-resized=\"[]\">\n\t<\/span>\n\t<\/div>\n\n\n<hr class=\"wp-block-separator has-alpha-channel-opacity\"\/>\n\n<h2 class=\"wp-block-heading\" id=\"decouvrez-nos-dernieres-recettes\">Entdecken Sie unsere neusten Rezepte. <\/h2>\n\n<h2 class=\"wp-block-heading\" id=\"manda-gin\">Manda Gin<\/h2>\n\n<div class=\"wp-block-columns is-layout-flex wp-container-core-columns-is-layout-28f84493 wp-block-columns-is-layout-flex\">\n<div class=\"wp-block-column is-layout-flow wp-block-column-is-layout-flow\" style=\"flex-basis:33.33%\">\n<p>Ein Gin Tonic mit Ibex Gin, Mandarine, Tonic und einigen Eisw\u00fcrfeln als Zutaten.<\/p>\n\n\n\n<div class=\"wp-block-buttons is-layout-flex wp-block-buttons-is-layout-flex\">\n<div class=\"wp-block-button is-style-outline is-style-outline--1\"><a class=\"wp-block-button__link wp-element-button\" href=\"https:\/\/staging.ibex-gin.ch\/de\/mandagin-tonikum\/?v=de7d46a666b2\">Entdecken Sie das Rezept.<\/a><\/div>\n<\/div>\n<\/div>\n\n\n\n<div class=\"wp-block-column is-layout-flow wp-block-column-is-layout-flow\" style=\"flex-basis:50%\">\n<figure class=\"wp-block-image size-large is-resized\"><img data-recalc-dims=\"1\" loading=\"lazy\" decoding=\"async\" width=\"980\" height=\"980\" src=\"https:\/\/i0.wp.com\/staging.ibex-gin.ch\/wp-content\/uploads\/2021\/12\/Gin-Tonic-with-mandarine-scaled-e1643229196907-1024x1024.jpg?resize=980%2C980&#038;ssl=1\" alt=\"Cocktail MandaGin Steinbock \" class=\"wp-image-28912\" style=\"width:256px;height:256px\" srcset=\"https:\/\/i0.wp.com\/staging.ibex-gin.ch\/wp-content\/uploads\/2021\/12\/Gin-Tonic-with-mandarine-scaled-e1643229196907.jpg?resize=1024%2C1024&amp;ssl=1 1024w, https:\/\/i0.wp.com\/staging.ibex-gin.ch\/wp-content\/uploads\/2021\/12\/Gin-Tonic-with-mandarine-scaled-e1643229196907.jpg?resize=324%2C324&amp;ssl=1 324w, https:\/\/i0.wp.com\/staging.ibex-gin.ch\/wp-content\/uploads\/2021\/12\/Gin-Tonic-with-mandarine-scaled-e1643229196907.jpg?resize=100%2C100&amp;ssl=1 100w, https:\/\/i0.wp.com\/staging.ibex-gin.ch\/wp-content\/uploads\/2021\/12\/Gin-Tonic-with-mandarine-scaled-e1643229196907.jpg?resize=416%2C416&amp;ssl=1 416w, https:\/\/i0.wp.com\/staging.ibex-gin.ch\/wp-content\/uploads\/2021\/12\/Gin-Tonic-with-mandarine-scaled-e1643229196907.jpg?resize=300%2C300&amp;ssl=1 300w, https:\/\/i0.wp.com\/staging.ibex-gin.ch\/wp-content\/uploads\/2021\/12\/Gin-Tonic-with-mandarine-scaled-e1643229196907.jpg?resize=150%2C150&amp;ssl=1 150w, https:\/\/i0.wp.com\/staging.ibex-gin.ch\/wp-content\/uploads\/2021\/12\/Gin-Tonic-with-mandarine-scaled-e1643229196907.jpg?resize=768%2C768&amp;ssl=1 768w, https:\/\/i0.wp.com\/staging.ibex-gin.ch\/wp-content\/uploads\/2021\/12\/Gin-Tonic-with-mandarine-scaled-e1643229196907.jpg?resize=1536%2C1536&amp;ssl=1 1536w, https:\/\/i0.wp.com\/staging.ibex-gin.ch\/wp-content\/uploads\/2021\/12\/Gin-Tonic-with-mandarine-scaled-e1643229196907.jpg?resize=1080%2C1080&amp;ssl=1 1080w, https:\/\/i0.wp.com\/staging.ibex-gin.ch\/wp-content\/uploads\/2021\/12\/Gin-Tonic-with-mandarine-scaled-e1643229196907.jpg?resize=1320%2C1320&amp;ssl=1 1320w, https:\/\/i0.wp.com\/staging.ibex-gin.ch\/wp-content\/uploads\/2021\/12\/Gin-Tonic-with-mandarine-scaled-e1643229196907.jpg?w=1612&amp;ssl=1 1612w\" sizes=\"auto, (max-width: 980px) 100vw, 980px\" \/><\/figure>\n<\/div>\n<\/div>\n\n<h2 class=\"wp-block-heading\" id=\"red-snapper\">Roter Schnappfisch<\/h2>\n\n<div class=\"wp-block-columns is-layout-flex wp-container-core-columns-is-layout-28f84493 wp-block-columns-is-layout-flex\">\n<div class=\"wp-block-column is-vertically-aligned-center is-layout-flow wp-block-column-is-layout-flow\" style=\"flex-basis:33.33%\">\n<p>Der Red Snapper ist ein Cocktail \u00e4hnlich wie Bloody Marys, aber mit Gin. Der Vorteil von Ibex Gin? Die Chilischoten sind bereits im Gin enthalten.<\/p>\n\n\n\n<div class=\"wp-block-buttons is-layout-flex wp-block-buttons-is-layout-flex\">\n<div class=\"wp-block-button is-style-outline is-style-outline--2\"><a class=\"wp-block-button__link wp-element-button\" href=\"https:\/\/staging.ibex-gin.ch\/de\/roter-schnappfisch\/?v=de7d46a666b2\">Entdecken Sie das Rezept.<\/a><\/div>\n<\/div>\n\n\n\n<p><\/p>\n<\/div>\n\n\n\n<div class=\"wp-block-column is-layout-flow wp-block-column-is-layout-flow\" style=\"flex-basis:66.66%\">\n<figure class=\"wp-block-image size-large is-resized\"><img data-recalc-dims=\"1\" loading=\"lazy\" decoding=\"async\" width=\"819\" height=\"1024\" src=\"https:\/\/i0.wp.com\/staging.ibex-gin.ch\/wp-content\/uploads\/2022\/02\/Gin-Bloody-Marry.jpg?resize=819%2C1024&#038;ssl=1\" alt=\"Cocktail Roter Schnapper-Steinbock\" class=\"wp-image-29013\" style=\"width:205px;height:256px\" srcset=\"https:\/\/i0.wp.com\/staging.ibex-gin.ch\/wp-content\/uploads\/2022\/02\/Gin-Bloody-Marry-scaled.jpg?resize=819%2C1024&amp;ssl=1 819w, https:\/\/i0.wp.com\/staging.ibex-gin.ch\/wp-content\/uploads\/2022\/02\/Gin-Bloody-Marry-scaled.jpg?resize=240%2C300&amp;ssl=1 240w, https:\/\/i0.wp.com\/staging.ibex-gin.ch\/wp-content\/uploads\/2022\/02\/Gin-Bloody-Marry-scaled.jpg?resize=768%2C960&amp;ssl=1 768w, https:\/\/i0.wp.com\/staging.ibex-gin.ch\/wp-content\/uploads\/2022\/02\/Gin-Bloody-Marry-scaled.jpg?resize=1229%2C1536&amp;ssl=1 1229w, https:\/\/i0.wp.com\/staging.ibex-gin.ch\/wp-content\/uploads\/2022\/02\/Gin-Bloody-Marry-scaled.jpg?resize=1638%2C2048&amp;ssl=1 1638w, https:\/\/i0.wp.com\/staging.ibex-gin.ch\/wp-content\/uploads\/2022\/02\/Gin-Bloody-Marry-scaled.jpg?resize=1320%2C1650&amp;ssl=1 1320w, https:\/\/i0.wp.com\/staging.ibex-gin.ch\/wp-content\/uploads\/2022\/02\/Gin-Bloody-Marry-scaled.jpg?resize=324%2C405&amp;ssl=1 324w, https:\/\/i0.wp.com\/staging.ibex-gin.ch\/wp-content\/uploads\/2022\/02\/Gin-Bloody-Marry-scaled.jpg?resize=416%2C520&amp;ssl=1 416w, https:\/\/i0.wp.com\/staging.ibex-gin.ch\/wp-content\/uploads\/2022\/02\/Gin-Bloody-Marry-scaled.jpg?w=2048&amp;ssl=1 2048w, https:\/\/i0.wp.com\/staging.ibex-gin.ch\/wp-content\/uploads\/2022\/02\/Gin-Bloody-Marry-scaled.jpg?w=1960&amp;ssl=1 1960w\" sizes=\"auto, (max-width: 819px) 100vw, 819px\" \/><\/figure>\n\n\n\n<div class=\"wp-block-buttons is-layout-flex wp-block-buttons-is-layout-flex\"><\/div>\n<\/div>\n<\/div>\n\n<p><\/p>\n","protected":false},"excerpt":{"rendered":"<p>Wer sind wir ? IBEX bedeutet Steinbock und verk\u00f6rpert die Kraft dieses Alpentieres, dem wahren K\u00f6nig der Schweizer Berggipfel. Inspiriert durch das Massiv des Grand Combin, einem der h\u00f6chsten Gipfel der franz\u00f6sischen Schweiz, ist der Ibex der H\u00fcter einer gesch\u00fctzten Natur. Dieses Symbol steht im Mittelpunkt unserer Bem\u00fchungen, lokale Produkte herzustellen, die die Umwelt respektieren [&hellip;]<\/p>\n","protected":false},"author":1,"featured_media":0,"parent":0,"menu_order":0,"comment_status":"closed","ping_status":"closed","template":"template-fullwidth.php","meta":{"footnotes":""},"class_list":["post-29328","page","type-page","status-publish","hentry"],"yoast_head":"<!-- This site is optimized with the Yoast SEO Premium plugin v27.2 (Yoast SEO v27.4) - https:\/\/yoast.com\/product\/yoast-seo-premium-wordpress\/ -->\n<title>Ein Premium-Gin, der in den Walliser Alpen hergestellt wird<\/title>\n<meta name=\"description\" content=\"Probieren Sie das Besondere mit IBEX Gin, einem Gin mit einzigartigen Aromen. Er wird in den Walliser Alpen hergestellt und bietet ein erfrischendes und fesselndes Erlebnis.\" \/>\n<meta name=\"robots\" content=\"noindex, follow, max-snippet:-1, max-image-preview:large, max-video-preview:-1\" \/>\n<meta property=\"og:locale\" content=\"de_DE\" \/>\n<meta property=\"og:type\" content=\"article\" \/>\n<meta property=\"og:title\" content=\"Startseite\" \/>\n<meta property=\"og:description\" content=\"Probieren Sie das Besondere mit IBEX Gin, einem Gin mit einzigartigen Aromen. Er wird in den Walliser Alpen hergestellt und bietet ein erfrischendes und fesselndes Erlebnis.\" \/>\n<meta property=\"og:url\" content=\"https:\/\/staging.ibex-gin.ch\/de\/\" \/>\n<meta property=\"og:site_name\" content=\"Ibex Gin\" \/>\n<meta property=\"article:publisher\" content=\"https:\/\/www.facebook.com\/Ibex.gin\" \/>\n<meta property=\"article:modified_time\" content=\"2024-11-28T15:24:08+00:00\" \/>\n<meta property=\"og:image\" content=\"https:\/\/i2.wp.com\/ibex-gin.ch\/wp-content\/uploads\/2023\/01\/IMG_4223-scaled.jpg?ssl=1\" \/>\n<meta name=\"twitter:card\" content=\"summary_large_image\" \/>\n<meta name=\"twitter:label1\" content=\"Gesch\u00e4tzte Lesezeit\" \/>\n\t<meta name=\"twitter:data1\" content=\"1\u00a0Minute\" \/>\n<script type=\"application\/ld+json\" class=\"yoast-schema-graph\">{\"@context\":\"https:\\\/\\\/schema.org\",\"@graph\":[{\"@type\":\"WebPage\",\"@id\":\"https:\\\/\\\/staging.ibex-gin.ch\\\/de\\\/\",\"url\":\"https:\\\/\\\/staging.ibex-gin.ch\\\/de\\\/\",\"name\":\"Ein Premium-Gin, der in den Walliser Alpen hergestellt wird\",\"isPartOf\":{\"@id\":\"https:\\\/\\\/staging.ibex-gin.ch\\\/de\\\/#website\"},\"primaryImageOfPage\":{\"@id\":\"https:\\\/\\\/staging.ibex-gin.ch\\\/de\\\/#primaryimage\"},\"image\":{\"@id\":\"https:\\\/\\\/staging.ibex-gin.ch\\\/de\\\/#primaryimage\"},\"thumbnailUrl\":\"https:\\\/\\\/i2.wp.com\\\/ibex-gin.ch\\\/wp-content\\\/uploads\\\/2023\\\/01\\\/IMG_4223-scaled.jpg?ssl=1\",\"datePublished\":\"2022-02-01T17:37:12+00:00\",\"dateModified\":\"2024-11-28T15:24:08+00:00\",\"description\":\"Probieren Sie das Besondere mit IBEX Gin, einem Gin mit einzigartigen Aromen. Er wird in den Walliser Alpen hergestellt und bietet ein erfrischendes und fesselndes Erlebnis.\",\"breadcrumb\":{\"@id\":\"https:\\\/\\\/staging.ibex-gin.ch\\\/de\\\/#breadcrumb\"},\"inLanguage\":\"de\",\"potentialAction\":[{\"@type\":\"ReadAction\",\"target\":[\"https:\\\/\\\/staging.ibex-gin.ch\\\/de\\\/\"]}]},{\"@type\":\"ImageObject\",\"inLanguage\":\"de\",\"@id\":\"https:\\\/\\\/staging.ibex-gin.ch\\\/de\\\/#primaryimage\",\"url\":\"https:\\\/\\\/i2.wp.com\\\/ibex-gin.ch\\\/wp-content\\\/uploads\\\/2023\\\/01\\\/IMG_4223-scaled.jpg?ssl=1\",\"contentUrl\":\"https:\\\/\\\/i2.wp.com\\\/ibex-gin.ch\\\/wp-content\\\/uploads\\\/2023\\\/01\\\/IMG_4223-scaled.jpg?ssl=1\"},{\"@type\":\"BreadcrumbList\",\"@id\":\"https:\\\/\\\/staging.ibex-gin.ch\\\/de\\\/#breadcrumb\",\"itemListElement\":[{\"@type\":\"ListItem\",\"position\":1,\"name\":\"Accueil\",\"item\":\"https:\\\/\\\/staging.ibex-gin.ch\\\/de\\\/\"},{\"@type\":\"ListItem\",\"position\":2,\"name\":\"Startseite\"}]},{\"@type\":\"WebSite\",\"@id\":\"https:\\\/\\\/staging.ibex-gin.ch\\\/de\\\/#website\",\"url\":\"https:\\\/\\\/staging.ibex-gin.ch\\\/de\\\/\",\"name\":\"Ibex Gin\",\"description\":\"\",\"publisher\":{\"@id\":\"https:\\\/\\\/staging.ibex-gin.ch\\\/de\\\/#organization\"},\"potentialAction\":[{\"@type\":\"SearchAction\",\"target\":{\"@type\":\"EntryPoint\",\"urlTemplate\":\"https:\\\/\\\/staging.ibex-gin.ch\\\/de\\\/?s={search_term_string}\"},\"query-input\":{\"@type\":\"PropertyValueSpecification\",\"valueRequired\":true,\"valueName\":\"search_term_string\"}}],\"inLanguage\":\"de\"},{\"@type\":\"Organization\",\"@id\":\"https:\\\/\\\/staging.ibex-gin.ch\\\/de\\\/#organization\",\"name\":\"Ibex Gin\",\"url\":\"https:\\\/\\\/staging.ibex-gin.ch\\\/de\\\/\",\"logo\":{\"@type\":\"ImageObject\",\"inLanguage\":\"de\",\"@id\":\"https:\\\/\\\/staging.ibex-gin.ch\\\/de\\\/#\\\/schema\\\/logo\\\/image\\\/\",\"url\":\"https:\\\/\\\/staging.ibex-gin.ch\\\/wp-content\\\/uploads\\\/2022\\\/01\\\/cropped-Ibex_Logo_2021-2.png\",\"contentUrl\":\"https:\\\/\\\/staging.ibex-gin.ch\\\/wp-content\\\/uploads\\\/2022\\\/01\\\/cropped-Ibex_Logo_2021-2.png\",\"width\":1583,\"height\":1181,\"caption\":\"Ibex Gin\"},\"image\":{\"@id\":\"https:\\\/\\\/staging.ibex-gin.ch\\\/de\\\/#\\\/schema\\\/logo\\\/image\\\/\"},\"sameAs\":[\"https:\\\/\\\/www.facebook.com\\\/Ibex.gin\",\"https:\\\/\\\/www.instagram.com\\\/ibex.gin\\\/\"]}]}<\/script>\n<!-- \/ Yoast SEO Premium plugin. -->","yoast_head_json":{"title":"Ein Premium-Gin, der in den Walliser Alpen hergestellt wird","description":"Probieren Sie das Besondere mit IBEX Gin, einem Gin mit einzigartigen Aromen. Er wird in den Walliser Alpen hergestellt und bietet ein erfrischendes und fesselndes Erlebnis.","robots":{"index":"noindex","follow":"follow","max-snippet":"max-snippet:-1","max-image-preview":"max-image-preview:large","max-video-preview":"max-video-preview:-1"},"og_locale":"de_DE","og_type":"article","og_title":"Startseite","og_description":"Probieren Sie das Besondere mit IBEX Gin, einem Gin mit einzigartigen Aromen. Er wird in den Walliser Alpen hergestellt und bietet ein erfrischendes und fesselndes Erlebnis.","og_url":"https:\/\/staging.ibex-gin.ch\/de\/","og_site_name":"Ibex Gin","article_publisher":"https:\/\/www.facebook.com\/Ibex.gin","article_modified_time":"2024-11-28T15:24:08+00:00","og_image":[{"url":"https:\/\/i2.wp.com\/ibex-gin.ch\/wp-content\/uploads\/2023\/01\/IMG_4223-scaled.jpg?ssl=1","type":"","width":"","height":""}],"twitter_card":"summary_large_image","twitter_misc":{"Gesch\u00e4tzte Lesezeit":"1\u00a0Minute"},"schema":{"@context":"https:\/\/schema.org","@graph":[{"@type":"WebPage","@id":"https:\/\/staging.ibex-gin.ch\/de\/","url":"https:\/\/staging.ibex-gin.ch\/de\/","name":"Ein Premium-Gin, der in den Walliser Alpen hergestellt wird","isPartOf":{"@id":"https:\/\/staging.ibex-gin.ch\/de\/#website"},"primaryImageOfPage":{"@id":"https:\/\/staging.ibex-gin.ch\/de\/#primaryimage"},"image":{"@id":"https:\/\/staging.ibex-gin.ch\/de\/#primaryimage"},"thumbnailUrl":"https:\/\/i2.wp.com\/ibex-gin.ch\/wp-content\/uploads\/2023\/01\/IMG_4223-scaled.jpg?ssl=1","datePublished":"2022-02-01T17:37:12+00:00","dateModified":"2024-11-28T15:24:08+00:00","description":"Probieren Sie das Besondere mit IBEX Gin, einem Gin mit einzigartigen Aromen. Er wird in den Walliser Alpen hergestellt und bietet ein erfrischendes und fesselndes Erlebnis.","breadcrumb":{"@id":"https:\/\/staging.ibex-gin.ch\/de\/#breadcrumb"},"inLanguage":"de","potentialAction":[{"@type":"ReadAction","target":["https:\/\/staging.ibex-gin.ch\/de\/"]}]},{"@type":"ImageObject","inLanguage":"de","@id":"https:\/\/staging.ibex-gin.ch\/de\/#primaryimage","url":"https:\/\/i2.wp.com\/ibex-gin.ch\/wp-content\/uploads\/2023\/01\/IMG_4223-scaled.jpg?ssl=1","contentUrl":"https:\/\/i2.wp.com\/ibex-gin.ch\/wp-content\/uploads\/2023\/01\/IMG_4223-scaled.jpg?ssl=1"},{"@type":"BreadcrumbList","@id":"https:\/\/staging.ibex-gin.ch\/de\/#breadcrumb","itemListElement":[{"@type":"ListItem","position":1,"name":"Accueil","item":"https:\/\/staging.ibex-gin.ch\/de\/"},{"@type":"ListItem","position":2,"name":"Startseite"}]},{"@type":"WebSite","@id":"https:\/\/staging.ibex-gin.ch\/de\/#website","url":"https:\/\/staging.ibex-gin.ch\/de\/","name":"Ibex Gin","description":"","publisher":{"@id":"https:\/\/staging.ibex-gin.ch\/de\/#organization"},"potentialAction":[{"@type":"SearchAction","target":{"@type":"EntryPoint","urlTemplate":"https:\/\/staging.ibex-gin.ch\/de\/?s={search_term_string}"},"query-input":{"@type":"PropertyValueSpecification","valueRequired":true,"valueName":"search_term_string"}}],"inLanguage":"de"},{"@type":"Organization","@id":"https:\/\/staging.ibex-gin.ch\/de\/#organization","name":"Ibex Gin","url":"https:\/\/staging.ibex-gin.ch\/de\/","logo":{"@type":"ImageObject","inLanguage":"de","@id":"https:\/\/staging.ibex-gin.ch\/de\/#\/schema\/logo\/image\/","url":"https:\/\/staging.ibex-gin.ch\/wp-content\/uploads\/2022\/01\/cropped-Ibex_Logo_2021-2.png","contentUrl":"https:\/\/staging.ibex-gin.ch\/wp-content\/uploads\/2022\/01\/cropped-Ibex_Logo_2021-2.png","width":1583,"height":1181,"caption":"Ibex Gin"},"image":{"@id":"https:\/\/staging.ibex-gin.ch\/de\/#\/schema\/logo\/image\/"},"sameAs":["https:\/\/www.facebook.com\/Ibex.gin","https:\/\/www.instagram.com\/ibex.gin\/"]}]}},"_links":{"self":[{"href":"https:\/\/staging.ibex-gin.ch\/de\/wp-json\/wp\/v2\/pages\/29328","targetHints":{"allow":["GET"]}}],"collection":[{"href":"https:\/\/staging.ibex-gin.ch\/de\/wp-json\/wp\/v2\/pages"}],"about":[{"href":"https:\/\/staging.ibex-gin.ch\/de\/wp-json\/wp\/v2\/types\/page"}],"author":[{"embeddable":true,"href":"https:\/\/staging.ibex-gin.ch\/de\/wp-json\/wp\/v2\/users\/1"}],"replies":[{"embeddable":true,"href":"https:\/\/staging.ibex-gin.ch\/de\/wp-json\/wp\/v2\/comments?post=29328"}],"version-history":[{"count":14,"href":"https:\/\/staging.ibex-gin.ch\/de\/wp-json\/wp\/v2\/pages\/29328\/revisions"}],"predecessor-version":[{"id":29697,"href":"https:\/\/staging.ibex-gin.ch\/de\/wp-json\/wp\/v2\/pages\/29328\/revisions\/29697"}],"wp:attachment":[{"href":"https:\/\/staging.ibex-gin.ch\/de\/wp-json\/wp\/v2\/media?parent=29328"}],"curies":[{"name":"wp","href":"https:\/\/api.w.org\/{rel}","templated":true}]}}