{"id":29311,"date":"2022-02-05T16:12:54","date_gmt":"2022-02-05T15:12:54","guid":{"rendered":"https:\/\/ibex-gin.ch\/datenschutz-bestimmungen\/"},"modified":"2022-03-15T13:57:29","modified_gmt":"2022-03-15T12:57:29","slug":"datenschutz-bestimmungen","status":"publish","type":"page","link":"https:\/\/staging.ibex-gin.ch\/de\/datenschutz-bestimmungen\/","title":{"rendered":"Datenschutz-Bestimmungen"},"content":{"rendered":"\n<h2 class=\"wp-block-heading\" id=\"qui-sommes-nous\">Wer sind wir ?<\/h2>\n\n<p>Die Adresse unserer Seite lautet: https:\/\/staging.ibex-gin.ch.<\/p>\n\n<h2 class=\"wp-block-heading\" id=\"commentaires\">Bemerkungen<\/h2>\n\n<p>Wenn Sie einen Kommentar auf unserer Seite hinterlassen, werden die in das Kommentarformular eingegebenen Daten, Ihre IP-Adresse und der User-Agent Ihres Browsers gesammelt, um uns zu helfen, unerw\u00fcnschte Kommentare zu erkennen.<\/p>\n\n<p>Eine anonymisierte Zeichenfolge, die aus Ihrer E-Mail-Adresse erstellt wird (auch als Hash bezeichnet), kann an den Gravatar-Dienst gesendet werden, um zu \u00fcberpr\u00fcfen, ob Sie ihn verwenden. Die Vertraulichkeitsbestimmungen des Gravatar-Dienstes finden Sie hier: https:\/\/automattic.com\/privacy\/. Nach der Validierung Ihres Kommentars wird Ihr Profilfoto neben Ihrem Kommentar \u00f6ffentlich sichtbar sein.<\/p>\n\n<h2 class=\"wp-block-heading\" id=\"medias\">Medien<\/h2>\n\n<p>Wenn Sie Bilder auf die Website hochladen, raten wir Ihnen, das Hochladen von Bildern mit EXIF-Daten von GPS-Koordinaten zu vermeiden. Personen, die Ihre Website besuchen, k\u00f6nnen Standortdaten aus diesen Bildern herunterladen und extrahieren.<\/p>\n\n<h2 class=\"wp-block-heading\" id=\"cookies\">Kekse<\/h2>\n\n<p>Wenn Sie einen Kommentar auf unserer Website hinterlassen, wird Ihnen angeboten, Ihren Namen, Ihre E-Mail-Adresse und Ihre Website in Cookies zu speichern. Dies dient nur zu Ihrem Komfort, damit Sie diese Informationen nicht eingeben m\u00fcssen, wenn Sie sp\u00e4ter einen weiteren Kommentar hinterlassen. Diese Cookies verfallen nach einem Jahr.<\/p>\n\n<p>Wenn Sie auf die Anmeldeseite gehen, wird ein tempor\u00e4res Cookie erstellt, um festzustellen, ob Ihr Browser Cookies akzeptiert. Sie enth\u00e4lt keine personenbezogenen Daten und wird automatisch gel\u00f6scht, wenn Sie Ihren Browser schlie\u00dfen.<\/p>\n\n<p>Wenn Sie sich anmelden, setzen wir eine Reihe von Cookies, um Ihre Anmeldedaten und Bildschirmeinstellungen zu speichern. Die Lebensdauer eines Verbindungscookies betr\u00e4gt zwei Tage, die eines Bildschirmoptionscookies ein Jahr. Wenn Sie \u201eRemember me\u201c aktivieren, wird Ihr Login-Cookie zwei Wochen lang aufbewahrt. Wenn Sie sich von Ihrem Konto abmelden, wird das Login-Cookie gel\u00f6scht.<\/p>\n\n<p>Durch Bearbeiten oder Ver\u00f6ffentlichen eines Beitrags wird ein zus\u00e4tzliches Cookie in Ihrem Browser gespeichert. Dieses Cookie enth\u00e4lt keine personenbezogenen Daten. Es zeigt nur die ID des Beitrags, den Sie gerade bearbeitet haben. Sie verf\u00e4llt nach einem Tag.<\/p>\n\n<h2 class=\"wp-block-heading\" id=\"contenu-embarque-depuis-d-autres-sites\">Eingebettete Inhalte von anderen Websites<\/h2>\n\n<p><strong class=\"privacy-policy-tutorial\"> <\/strong>Artikel auf dieser Website k\u00f6nnen eingebettete Inhalte enthalten (z. B. Videos, Bilder, Artikel usw.). Von anderen Sites eingebettete Inhalte verhalten sich so, als ob der Besucher zu dieser anderen Site kommen w\u00fcrde.<\/p>\n\n<p>Diese Websites k\u00f6nnen Daten \u00fcber Sie sammeln, Cookies verwenden, Tracking-Tools von Drittanbietern einbetten und Ihre Interaktionen mit diesen eingebetteten Inhalten verfolgen, wenn Sie ein Konto haben, das mit ihrer Website verbunden ist.<\/p>\n\n<h2 class=\"wp-block-heading\" id=\"utilisation-et-transmission-de-vos-donnees-personnelles\">Nutzung und Weitergabe Ihrer personenbezogenen Daten<\/h2>\n\n<p>Wenn Sie ein Zur\u00fccksetzen des Passworts anfordern, wird Ihre IP-Adresse in der E-Mail zum Zur\u00fccksetzen enthalten sein.<\/p>\n\n<h2 class=\"wp-block-heading\" id=\"durees-de-stockage-de-vos-donnees\">Speicherzeiten f\u00fcr Ihre Daten<\/h2>\n\n<p><strong class=\"privacy-policy-tutorial\"> <\/strong>Wenn Sie einen Kommentar hinterlassen, werden der Kommentar und seine Metadaten auf unbestimmte Zeit gespeichert. Dadurch werden nachfolgende Kommentare automatisch erkannt und genehmigt, anstatt sie in der Moderationswarteschlange zu belassen.<\/p>\n\n<p>F\u00fcr Konten, die sich auf unserer Seite registrieren (falls zutreffend), speichern wir auch die in ihrem Profil aufgef\u00fchrten personenbezogenen Daten. Alle Konten k\u00f6nnen ihre pers\u00f6nlichen Daten jederzeit einsehen, \u00e4ndern oder l\u00f6schen (mit Ausnahme ihrer Kennung). Site-Manager k\u00f6nnen diese Informationen auch anzeigen und bearbeiten.<\/p>\n\n<h2 class=\"wp-block-heading\" id=\"les-droits-que-vous-avez-sur-vos-donnees\">Die Rechte, die Sie an Ihren Daten haben<\/h2>\n\n<p>Wenn Sie ein Konto haben oder Kommentare auf der Website hinterlassen haben, k\u00f6nnen Sie anfordern, eine Datei mit allen personenbezogenen Daten zu erhalten, die wir \u00fcber Sie haben, einschlie\u00dflich derer, die Sie uns zur Verf\u00fcgung gestellt haben. Sie k\u00f6nnen auch die L\u00f6schung der Sie betreffenden personenbezogenen Daten verlangen. Daten, die aus administrativen, rechtlichen oder Sicherheitsgr\u00fcnden gespeichert werden, werden hiervon nicht ber\u00fccksichtigt.<\/p>\n\n<h2 class=\"wp-block-heading\" id=\"transmission-de-vos-donnees-personnelles\">\u00dcbermittlung Ihrer personenbezogenen Daten<\/h2>\n\n<p>Besucher-Kommentare k\u00f6nnten von einem automatisierten Dienst zur Spam-Erkennung untersucht werden.<\/p>\n","protected":false},"excerpt":{"rendered":"<p>Wer sind wir ? Die Adresse unserer Seite lautet: https:\/\/staging.ibex-gin.ch. Bemerkungen Wenn Sie einen Kommentar auf unserer Seite hinterlassen, werden die in das Kommentarformular eingegebenen Daten, Ihre IP-Adresse und der User-Agent Ihres Browsers gesammelt, um uns zu helfen, unerw\u00fcnschte Kommentare zu erkennen. Eine anonymisierte Zeichenfolge, die aus Ihrer E-Mail-Adresse erstellt wird (auch als Hash bezeichnet), [&hellip;]<\/p>\n","protected":false},"author":1,"featured_media":0,"parent":0,"menu_order":0,"comment_status":"closed","ping_status":"closed","template":"","meta":{"footnotes":""},"class_list":["post-29311","page","type-page","status-publish","hentry"],"yoast_head":"<!-- This site is optimized with the Yoast SEO Premium plugin v27.2 (Yoast SEO v27.4) - https:\/\/yoast.com\/product\/yoast-seo-premium-wordpress\/ -->\n<title>Datenschutz-Bestimmungen - Ibex Gin<\/title>\n<meta name=\"robots\" content=\"noindex, follow, max-snippet:-1, max-image-preview:large, max-video-preview:-1\" \/>\n<meta property=\"og:locale\" content=\"de_DE\" \/>\n<meta property=\"og:type\" content=\"article\" \/>\n<meta property=\"og:title\" content=\"Datenschutz-Bestimmungen\" \/>\n<meta property=\"og:description\" content=\"Wer sind wir ? Die Adresse unserer Seite lautet: https:\/\/staging.ibex-gin.ch. Bemerkungen Wenn Sie einen Kommentar auf unserer Seite hinterlassen, werden die in das Kommentarformular eingegebenen Daten, Ihre IP-Adresse und der User-Agent Ihres Browsers gesammelt, um uns zu helfen, unerw\u00fcnschte Kommentare zu erkennen. Eine anonymisierte Zeichenfolge, die aus Ihrer E-Mail-Adresse erstellt wird (auch als Hash bezeichnet), [&hellip;]\" \/>\n<meta property=\"og:url\" content=\"https:\/\/staging.ibex-gin.ch\/de\/datenschutz-bestimmungen\/\" \/>\n<meta property=\"og:site_name\" content=\"Ibex Gin\" \/>\n<meta property=\"article:publisher\" content=\"https:\/\/www.facebook.com\/Ibex.gin\" \/>\n<meta property=\"article:modified_time\" content=\"2022-03-15T12:57:29+00:00\" \/>\n<meta name=\"twitter:card\" content=\"summary_large_image\" \/>\n<meta name=\"twitter:label1\" content=\"Gesch\u00e4tzte Lesezeit\" \/>\n\t<meta name=\"twitter:data1\" content=\"3\u00a0Minuten\" \/>\n<script type=\"application\/ld+json\" class=\"yoast-schema-graph\">{\"@context\":\"https:\\\/\\\/schema.org\",\"@graph\":[{\"@type\":\"WebPage\",\"@id\":\"https:\\\/\\\/staging.ibex-gin.ch\\\/de\\\/datenschutz-bestimmungen\\\/\",\"url\":\"https:\\\/\\\/staging.ibex-gin.ch\\\/de\\\/datenschutz-bestimmungen\\\/\",\"name\":\"Datenschutz-Bestimmungen - Ibex Gin\",\"isPartOf\":{\"@id\":\"https:\\\/\\\/staging.ibex-gin.ch\\\/de\\\/#website\"},\"datePublished\":\"2022-02-05T15:12:54+00:00\",\"dateModified\":\"2022-03-15T12:57:29+00:00\",\"breadcrumb\":{\"@id\":\"https:\\\/\\\/staging.ibex-gin.ch\\\/de\\\/datenschutz-bestimmungen\\\/#breadcrumb\"},\"inLanguage\":\"de\",\"potentialAction\":[{\"@type\":\"ReadAction\",\"target\":[\"https:\\\/\\\/staging.ibex-gin.ch\\\/de\\\/datenschutz-bestimmungen\\\/\"]}]},{\"@type\":\"BreadcrumbList\",\"@id\":\"https:\\\/\\\/staging.ibex-gin.ch\\\/de\\\/datenschutz-bestimmungen\\\/#breadcrumb\",\"itemListElement\":[{\"@type\":\"ListItem\",\"position\":1,\"name\":\"Accueil\",\"item\":\"https:\\\/\\\/staging.ibex-gin.ch\\\/de\\\/\"},{\"@type\":\"ListItem\",\"position\":2,\"name\":\"Datenschutz-Bestimmungen\"}]},{\"@type\":\"WebSite\",\"@id\":\"https:\\\/\\\/staging.ibex-gin.ch\\\/de\\\/#website\",\"url\":\"https:\\\/\\\/staging.ibex-gin.ch\\\/de\\\/\",\"name\":\"Ibex Gin\",\"description\":\"\",\"publisher\":{\"@id\":\"https:\\\/\\\/staging.ibex-gin.ch\\\/de\\\/#organization\"},\"potentialAction\":[{\"@type\":\"SearchAction\",\"target\":{\"@type\":\"EntryPoint\",\"urlTemplate\":\"https:\\\/\\\/staging.ibex-gin.ch\\\/de\\\/?s={search_term_string}\"},\"query-input\":{\"@type\":\"PropertyValueSpecification\",\"valueRequired\":true,\"valueName\":\"search_term_string\"}}],\"inLanguage\":\"de\"},{\"@type\":\"Organization\",\"@id\":\"https:\\\/\\\/staging.ibex-gin.ch\\\/de\\\/#organization\",\"name\":\"Ibex Gin\",\"url\":\"https:\\\/\\\/staging.ibex-gin.ch\\\/de\\\/\",\"logo\":{\"@type\":\"ImageObject\",\"inLanguage\":\"de\",\"@id\":\"https:\\\/\\\/staging.ibex-gin.ch\\\/de\\\/#\\\/schema\\\/logo\\\/image\\\/\",\"url\":\"https:\\\/\\\/staging.ibex-gin.ch\\\/wp-content\\\/uploads\\\/2022\\\/01\\\/cropped-Ibex_Logo_2021-2.png\",\"contentUrl\":\"https:\\\/\\\/staging.ibex-gin.ch\\\/wp-content\\\/uploads\\\/2022\\\/01\\\/cropped-Ibex_Logo_2021-2.png\",\"width\":1583,\"height\":1181,\"caption\":\"Ibex Gin\"},\"image\":{\"@id\":\"https:\\\/\\\/staging.ibex-gin.ch\\\/de\\\/#\\\/schema\\\/logo\\\/image\\\/\"},\"sameAs\":[\"https:\\\/\\\/www.facebook.com\\\/Ibex.gin\",\"https:\\\/\\\/www.instagram.com\\\/ibex.gin\\\/\"]}]}<\/script>\n<!-- \/ Yoast SEO Premium plugin. -->","yoast_head_json":{"title":"Datenschutz-Bestimmungen - Ibex Gin","robots":{"index":"noindex","follow":"follow","max-snippet":"max-snippet:-1","max-image-preview":"max-image-preview:large","max-video-preview":"max-video-preview:-1"},"og_locale":"de_DE","og_type":"article","og_title":"Datenschutz-Bestimmungen","og_description":"Wer sind wir ? Die Adresse unserer Seite lautet: https:\/\/staging.ibex-gin.ch. Bemerkungen Wenn Sie einen Kommentar auf unserer Seite hinterlassen, werden die in das Kommentarformular eingegebenen Daten, Ihre IP-Adresse und der User-Agent Ihres Browsers gesammelt, um uns zu helfen, unerw\u00fcnschte Kommentare zu erkennen. Eine anonymisierte Zeichenfolge, die aus Ihrer E-Mail-Adresse erstellt wird (auch als Hash bezeichnet), [&hellip;]","og_url":"https:\/\/staging.ibex-gin.ch\/de\/datenschutz-bestimmungen\/","og_site_name":"Ibex Gin","article_publisher":"https:\/\/www.facebook.com\/Ibex.gin","article_modified_time":"2022-03-15T12:57:29+00:00","twitter_card":"summary_large_image","twitter_misc":{"Gesch\u00e4tzte Lesezeit":"3\u00a0Minuten"},"schema":{"@context":"https:\/\/schema.org","@graph":[{"@type":"WebPage","@id":"https:\/\/staging.ibex-gin.ch\/de\/datenschutz-bestimmungen\/","url":"https:\/\/staging.ibex-gin.ch\/de\/datenschutz-bestimmungen\/","name":"Datenschutz-Bestimmungen - Ibex Gin","isPartOf":{"@id":"https:\/\/staging.ibex-gin.ch\/de\/#website"},"datePublished":"2022-02-05T15:12:54+00:00","dateModified":"2022-03-15T12:57:29+00:00","breadcrumb":{"@id":"https:\/\/staging.ibex-gin.ch\/de\/datenschutz-bestimmungen\/#breadcrumb"},"inLanguage":"de","potentialAction":[{"@type":"ReadAction","target":["https:\/\/staging.ibex-gin.ch\/de\/datenschutz-bestimmungen\/"]}]},{"@type":"BreadcrumbList","@id":"https:\/\/staging.ibex-gin.ch\/de\/datenschutz-bestimmungen\/#breadcrumb","itemListElement":[{"@type":"ListItem","position":1,"name":"Accueil","item":"https:\/\/staging.ibex-gin.ch\/de\/"},{"@type":"ListItem","position":2,"name":"Datenschutz-Bestimmungen"}]},{"@type":"WebSite","@id":"https:\/\/staging.ibex-gin.ch\/de\/#website","url":"https:\/\/staging.ibex-gin.ch\/de\/","name":"Ibex Gin","description":"","publisher":{"@id":"https:\/\/staging.ibex-gin.ch\/de\/#organization"},"potentialAction":[{"@type":"SearchAction","target":{"@type":"EntryPoint","urlTemplate":"https:\/\/staging.ibex-gin.ch\/de\/?s={search_term_string}"},"query-input":{"@type":"PropertyValueSpecification","valueRequired":true,"valueName":"search_term_string"}}],"inLanguage":"de"},{"@type":"Organization","@id":"https:\/\/staging.ibex-gin.ch\/de\/#organization","name":"Ibex Gin","url":"https:\/\/staging.ibex-gin.ch\/de\/","logo":{"@type":"ImageObject","inLanguage":"de","@id":"https:\/\/staging.ibex-gin.ch\/de\/#\/schema\/logo\/image\/","url":"https:\/\/staging.ibex-gin.ch\/wp-content\/uploads\/2022\/01\/cropped-Ibex_Logo_2021-2.png","contentUrl":"https:\/\/staging.ibex-gin.ch\/wp-content\/uploads\/2022\/01\/cropped-Ibex_Logo_2021-2.png","width":1583,"height":1181,"caption":"Ibex Gin"},"image":{"@id":"https:\/\/staging.ibex-gin.ch\/de\/#\/schema\/logo\/image\/"},"sameAs":["https:\/\/www.facebook.com\/Ibex.gin","https:\/\/www.instagram.com\/ibex.gin\/"]}]}},"_links":{"self":[{"href":"https:\/\/staging.ibex-gin.ch\/de\/wp-json\/wp\/v2\/pages\/29311","targetHints":{"allow":["GET"]}}],"collection":[{"href":"https:\/\/staging.ibex-gin.ch\/de\/wp-json\/wp\/v2\/pages"}],"about":[{"href":"https:\/\/staging.ibex-gin.ch\/de\/wp-json\/wp\/v2\/types\/page"}],"author":[{"embeddable":true,"href":"https:\/\/staging.ibex-gin.ch\/de\/wp-json\/wp\/v2\/users\/1"}],"replies":[{"embeddable":true,"href":"https:\/\/staging.ibex-gin.ch\/de\/wp-json\/wp\/v2\/comments?post=29311"}],"version-history":[{"count":1,"href":"https:\/\/staging.ibex-gin.ch\/de\/wp-json\/wp\/v2\/pages\/29311\/revisions"}],"predecessor-version":[{"id":29313,"href":"https:\/\/staging.ibex-gin.ch\/de\/wp-json\/wp\/v2\/pages\/29311\/revisions\/29313"}],"wp:attachment":[{"href":"https:\/\/staging.ibex-gin.ch\/de\/wp-json\/wp\/v2\/media?parent=29311"}],"curies":[{"name":"wp","href":"https:\/\/api.w.org\/{rel}","templated":true}]}}